{"id":3062,"date":"2017-03-12T17:05:15","date_gmt":"2017-03-12T21:05:15","guid":{"rendered":"http:\/\/amsclinic.ca\/blogue\/"},"modified":"2019-08-19T17:12:36","modified_gmt":"2019-08-19T21:12:36","slug":"blogue","status":"publish","type":"page","link":"https:\/\/amsclinic.ca\/fr\/blogue\/","title":{"rendered":"Blogue"},"content":{"rendered":"<p>[et_pb_section fb_built=\u00a0\u00bb1&Prime; fullwidth=\u00a0\u00bbon\u00a0\u00bb admin_label=\u00a0\u00bbSection\u00a0\u00bb _builder_version=\u00a0\u00bb3.22&Prime; transparent_background=\u00a0\u00bboff\u00a0\u00bb make_fullwidth=\u00a0\u00bboff\u00a0\u00bb use_custom_width=\u00a0\u00bboff\u00a0\u00bb width_unit=\u00a0\u00bbon\u00a0\u00bb][et_pb_fullwidth_slider admin_label=\u00a0\u00bbFullwidth Slider\u00a0\u00bb module_class=\u00a0\u00bbinternal-slider titled\u00a0\u00bb _builder_version=\u00a0\u00bb3.16&Prime; box_shadow_style=\u00a0\u00bbpreset6&Prime; box_shadow_blur=\u00a0\u00bb10px\u00a0\u00bb box_shadow_color=\u00a0\u00bbrgba(0,0,0,0.1)\u00a0\u00bb custom_padding=\u00a0\u00bb|||\u00a0\u00bb custom_padding_tablet=\u00a0\u00bb|||\u00a0\u00bb custom_padding_phone=\u00a0\u00bb|||\u00a0\u00bb remove_inner_shadow=\u00a0\u00bboff\u00a0\u00bb hide_content_on_mobile=\u00a0\u00bboff\u00a0\u00bb hide_cta_on_mobile=\u00a0\u00bboff\u00a0\u00bb show_inner_shadow=\u00a0\u00bbon\u00a0\u00bb button_letter_spacing_hover=\u00a0\u00bb0&Prime; button_text_size__hover_enabled=\u00a0\u00bboff\u00a0\u00bb button_one_text_size__hover_enabled=\u00a0\u00bboff\u00a0\u00bb button_two_text_size__hover_enabled=\u00a0\u00bboff\u00a0\u00bb button_text_color__hover_enabled=\u00a0\u00bboff\u00a0\u00bb button_one_text_color__hover_enabled=\u00a0\u00bboff\u00a0\u00bb button_two_text_color__hover_enabled=\u00a0\u00bboff\u00a0\u00bb button_border_width__hover_enabled=\u00a0\u00bboff\u00a0\u00bb button_one_border_width__hover_enabled=\u00a0\u00bboff\u00a0\u00bb button_two_border_width__hover_enabled=\u00a0\u00bboff\u00a0\u00bb button_border_color__hover_enabled=\u00a0\u00bboff\u00a0\u00bb button_one_border_color__hover_enabled=\u00a0\u00bboff\u00a0\u00bb button_two_border_color__hover_enabled=\u00a0\u00bboff\u00a0\u00bb button_border_radius__hover_enabled=\u00a0\u00bboff\u00a0\u00bb button_one_border_radius__hover_enabled=\u00a0\u00bboff\u00a0\u00bb button_two_border_radius__hover_enabled=\u00a0\u00bboff\u00a0\u00bb button_letter_spacing__hover_enabled=\u00a0\u00bbon\u00a0\u00bb button_letter_spacing__hover=\u00a0\u00bb0&Prime; button_one_letter_spacing__hover_enabled=\u00a0\u00bboff\u00a0\u00bb button_two_letter_spacing__hover_enabled=\u00a0\u00bboff\u00a0\u00bb button_bg_color__hover_enabled=\u00a0\u00bboff\u00a0\u00bb button_one_bg_color__hover_enabled=\u00a0\u00bboff\u00a0\u00bb button_two_bg_color__hover_enabled=\u00a0\u00bboff\u00a0\u00bb][et_pb_slide use_bg_overlay=\u00a0\u00bboff\u00a0\u00bb use_text_overlay=\u00a0\u00bboff\u00a0\u00bb _builder_version=\u00a0\u00bb3.16&Prime; header_font=\u00a0\u00bb||||\u00a0\u00bb body_font=\u00a0\u00bb||||\u00a0\u00bb background_color=\u00a0\u00bb#ffffff\u00a0\u00bb background_image=\u00a0\u00bb\/\/i3.wp.com\/amsclinic.ca\/wp-content\/uploads\/2017\/03\/header-blog.jpg\u00a0\u00bb button_icon_placement=\u00a0\u00bbright\u00a0\u00bb button_on_hover=\u00a0\u00bbon\u00a0\u00bb background_layout=\u00a0\u00bblight\u00a0\u00bb button_text_size__hover_enabled=\u00a0\u00bboff\u00a0\u00bb button_one_text_size__hover_enabled=\u00a0\u00bboff\u00a0\u00bb button_two_text_size__hover_enabled=\u00a0\u00bboff\u00a0\u00bb button_text_color__hover_enabled=\u00a0\u00bboff\u00a0\u00bb button_one_text_color__hover_enabled=\u00a0\u00bboff\u00a0\u00bb button_two_text_color__hover_enabled=\u00a0\u00bboff\u00a0\u00bb button_border_width__hover_enabled=\u00a0\u00bboff\u00a0\u00bb button_one_border_width__hover_enabled=\u00a0\u00bboff\u00a0\u00bb button_two_border_width__hover_enabled=\u00a0\u00bboff\u00a0\u00bb button_border_color__hover_enabled=\u00a0\u00bboff\u00a0\u00bb button_one_border_color__hover_enabled=\u00a0\u00bboff\u00a0\u00bb button_two_border_color__hover_enabled=\u00a0\u00bboff\u00a0\u00bb button_border_radius__hover_enabled=\u00a0\u00bboff\u00a0\u00bb button_one_border_radius__hover_enabled=\u00a0\u00bboff\u00a0\u00bb button_two_border_radius__hover_enabled=\u00a0\u00bboff\u00a0\u00bb button_letter_spacing__hover_enabled=\u00a0\u00bboff\u00a0\u00bb button_one_letter_spacing__hover_enabled=\u00a0\u00bboff\u00a0\u00bb button_two_letter_spacing__hover_enabled=\u00a0\u00bboff\u00a0\u00bb button_bg_color__hover_enabled=\u00a0\u00bboff\u00a0\u00bb button_one_bg_color__hover_enabled=\u00a0\u00bboff\u00a0\u00bb button_two_bg_color__hover_enabled=\u00a0\u00bboff\u00a0\u00bb]<\/p>\n<h1>Blogue<\/h1>\n<p>Vous recherchez des conseils sur la fa\u00e7on d&rsquo;am\u00e9liorer votre sant\u00e9 et de minimiser les risques? AMS Clinic est heureux de vous proposer quelques articles d&rsquo;int\u00e9r\u00eat de nos sp\u00e9cialistes. Visitez cette page fr\u00e9quemment et n&rsquo;oubliez pas de laisser un commentaire.[\/et_pb_slide][\/et_pb_fullwidth_slider][\/et_pb_section][et_pb_section fb_built=\u00a0\u00bb1&Prime; admin_label=\u00a0\u00bbSection\u00a0\u00bb _builder_version=\u00a0\u00bb3.22&Prime;][et_pb_row admin_label=\u00a0\u00bbRow\u00a0\u00bb _builder_version=\u00a0\u00bb3.25&Prime; background_size=\u00a0\u00bbinitial\u00a0\u00bb background_position=\u00a0\u00bbtop_left\u00a0\u00bb background_repeat=\u00a0\u00bbrepeat\u00a0\u00bb][et_pb_column type=\u00a0\u00bb4_4&Prime; _builder_version=\u00a0\u00bb3.25&Prime; custom_padding=\u00a0\u00bb|||\u00a0\u00bb custom_padding__hover=\u00a0\u00bb|||\u00a0\u00bb][et_pb_blog posts_number=\u00a0\u00bb5&Prime; show_more=\u00a0\u00bbon\u00a0\u00bb show_categories=\u00a0\u00bboff\u00a0\u00bb show_comments=\u00a0\u00bbon\u00a0\u00bb admin_label=\u00a0\u00bbBlog\u00a0\u00bb module_id=\u00a0\u00bbblog-grid\u00a0\u00bb _builder_version=\u00a0\u00bb3.0.94&Prime; use_border_color=\u00a0\u00bboff\u00a0\u00bb border_color=\u00a0\u00bb#ffffff\u00a0\u00bb border_style=\u00a0\u00bbsolid\u00a0\u00bb use_dropshadow=\u00a0\u00bboff\u00a0\u00bb] [\/et_pb_blog][\/et_pb_column][\/et_pb_row][\/et_pb_section]<\/p>\n","protected":false},"excerpt":{"rendered":"<p>Blogue Vous recherchez des conseils sur la fa\u00e7on d&rsquo;am\u00e9liorer votre sant\u00e9 et de minimiser les risques? AMS Clinic est heureux de vous proposer quelques articles d&rsquo;int\u00e9r\u00eat de nos sp\u00e9cialistes. Visitez cette page fr\u00e9quemment et n&rsquo;oubliez pas de laisser un commentaire.<\/p>\n","protected":false},"author":8,"featured_media":0,"parent":0,"menu_order":0,"comment_status":"closed","ping_status":"closed","template":"","meta":{"_et_pb_use_builder":"on","_et_pb_old_content":"","_et_gb_content_width":"","_mbp_gutenberg_autopost":false,"footnotes":""},"class_list":["post-3062","page","type-page","status-publish","hentry"],"yoast_head":"<!-- This site is optimized with the Yoast SEO plugin v27.4 - https:\/\/yoast.com\/product\/yoast-seo-wordpress\/ -->\n<title>Blogue - AMS Clinic<\/title>\n<meta name=\"description\" content=\"Vous recherchez des conseils sur la fa\u00e7on d\u2019am\u00e9liorer votre sant\u00e9 et de minimiser les risques? AMS Clinic est heureux de vous proposer quelques articles d\u2019int\u00e9r\u00eat de nos sp\u00e9cialistes.\" \/>\n<meta name=\"robots\" content=\"index, follow, max-snippet:-1, max-image-preview:large, max-video-preview:-1\" \/>\n<link rel=\"canonical\" href=\"https:\/\/amsclinic.ca\/fr\/blogue\/\" \/>\n<meta property=\"og:locale\" content=\"fr_CA\" \/>\n<meta property=\"og:type\" content=\"article\" \/>\n<meta property=\"og:title\" content=\"Blogue - AMS Clinic\" \/>\n<meta property=\"og:description\" content=\"Vous recherchez des conseils sur la fa\u00e7on d\u2019am\u00e9liorer votre sant\u00e9 et de minimiser les risques? AMS Clinic est heureux de vous proposer quelques articles d\u2019int\u00e9r\u00eat de nos sp\u00e9cialistes.\" \/>\n<meta property=\"og:url\" content=\"https:\/\/amsclinic.ca\/fr\/blogue\/\" \/>\n<meta property=\"og:site_name\" content=\"AMS Clinic\" \/>\n<meta property=\"article:modified_time\" content=\"2019-08-19T21:12:36+00:00\" \/>\n<meta name=\"twitter:card\" content=\"summary_large_image\" \/>\n<meta name=\"twitter:label1\" content=\"Estimation du temps de lecture\" \/>\n\t<meta name=\"twitter:data1\" content=\"1 minute\" \/>\n<script type=\"application\/ld+json\" class=\"yoast-schema-graph\">{\"@context\":\"https:\\\/\\\/schema.org\",\"@graph\":[{\"@type\":\"WebPage\",\"@id\":\"https:\\\/\\\/amsclinic.ca\\\/fr\\\/blogue\\\/\",\"url\":\"https:\\\/\\\/amsclinic.ca\\\/fr\\\/blogue\\\/\",\"name\":\"Blogue - AMS Clinic\",\"isPartOf\":{\"@id\":\"https:\\\/\\\/amsclinic.ca\\\/fr\\\/#website\"},\"datePublished\":\"2017-03-12T21:05:15+00:00\",\"dateModified\":\"2019-08-19T21:12:36+00:00\",\"description\":\"Vous recherchez des conseils sur la fa\u00e7on d\u2019am\u00e9liorer votre sant\u00e9 et de minimiser les risques? AMS Clinic est heureux de vous proposer quelques articles d\u2019int\u00e9r\u00eat de nos sp\u00e9cialistes.\",\"breadcrumb\":{\"@id\":\"https:\\\/\\\/amsclinic.ca\\\/fr\\\/blogue\\\/#breadcrumb\"},\"inLanguage\":\"fr-CA\",\"potentialAction\":[{\"@type\":\"ReadAction\",\"target\":[\"https:\\\/\\\/amsclinic.ca\\\/fr\\\/blogue\\\/\"]}]},{\"@type\":\"BreadcrumbList\",\"@id\":\"https:\\\/\\\/amsclinic.ca\\\/fr\\\/blogue\\\/#breadcrumb\",\"itemListElement\":[{\"@type\":\"ListItem\",\"position\":1,\"name\":\"Home\",\"item\":\"https:\\\/\\\/amsclinic.ca\\\/fr\\\/\"},{\"@type\":\"ListItem\",\"position\":2,\"name\":\"Blogue\"}]},{\"@type\":\"WebSite\",\"@id\":\"https:\\\/\\\/amsclinic.ca\\\/fr\\\/#website\",\"url\":\"https:\\\/\\\/amsclinic.ca\\\/fr\\\/\",\"name\":\"AMS Clinic\",\"description\":\"Montreal Rehabilitation and Physiotherapy Clinic\",\"publisher\":{\"@id\":\"https:\\\/\\\/amsclinic.ca\\\/fr\\\/#organization\"},\"potentialAction\":[{\"@type\":\"SearchAction\",\"target\":{\"@type\":\"EntryPoint\",\"urlTemplate\":\"https:\\\/\\\/amsclinic.ca\\\/fr\\\/?s={search_term_string}\"},\"query-input\":{\"@type\":\"PropertyValueSpecification\",\"valueRequired\":true,\"valueName\":\"search_term_string\"}}],\"inLanguage\":\"fr-CA\"},{\"@type\":\"Organization\",\"@id\":\"https:\\\/\\\/amsclinic.ca\\\/fr\\\/#organization\",\"name\":\"AMS Clinic\",\"url\":\"https:\\\/\\\/amsclinic.ca\\\/fr\\\/\",\"logo\":{\"@type\":\"ImageObject\",\"inLanguage\":\"fr-CA\",\"@id\":\"https:\\\/\\\/amsclinic.ca\\\/fr\\\/#\\\/schema\\\/logo\\\/image\\\/\",\"url\":\"https:\\\/\\\/amsclinic.ca\\\/wp-content\\\/uploads\\\/2017\\\/02\\\/ams-logo-Optimized280x100.png\",\"contentUrl\":\"https:\\\/\\\/amsclinic.ca\\\/wp-content\\\/uploads\\\/2017\\\/02\\\/ams-logo-Optimized280x100.png\",\"width\":280,\"height\":100,\"caption\":\"AMS Clinic\"},\"image\":{\"@id\":\"https:\\\/\\\/amsclinic.ca\\\/fr\\\/#\\\/schema\\\/logo\\\/image\\\/\"}}]}<\/script>\n<!-- \/ Yoast SEO plugin. -->","yoast_head_json":{"title":"Blogue - AMS Clinic","description":"Vous recherchez des conseils sur la fa\u00e7on d\u2019am\u00e9liorer votre sant\u00e9 et de minimiser les risques? AMS Clinic est heureux de vous proposer quelques articles d\u2019int\u00e9r\u00eat de nos sp\u00e9cialistes.","robots":{"index":"index","follow":"follow","max-snippet":"max-snippet:-1","max-image-preview":"max-image-preview:large","max-video-preview":"max-video-preview:-1"},"canonical":"https:\/\/amsclinic.ca\/fr\/blogue\/","og_locale":"fr_CA","og_type":"article","og_title":"Blogue - AMS Clinic","og_description":"Vous recherchez des conseils sur la fa\u00e7on d\u2019am\u00e9liorer votre sant\u00e9 et de minimiser les risques? AMS Clinic est heureux de vous proposer quelques articles d\u2019int\u00e9r\u00eat de nos sp\u00e9cialistes.","og_url":"https:\/\/amsclinic.ca\/fr\/blogue\/","og_site_name":"AMS Clinic","article_modified_time":"2019-08-19T21:12:36+00:00","twitter_card":"summary_large_image","twitter_misc":{"Estimation du temps de lecture":"1 minute"},"schema":{"@context":"https:\/\/schema.org","@graph":[{"@type":"WebPage","@id":"https:\/\/amsclinic.ca\/fr\/blogue\/","url":"https:\/\/amsclinic.ca\/fr\/blogue\/","name":"Blogue - AMS Clinic","isPartOf":{"@id":"https:\/\/amsclinic.ca\/fr\/#website"},"datePublished":"2017-03-12T21:05:15+00:00","dateModified":"2019-08-19T21:12:36+00:00","description":"Vous recherchez des conseils sur la fa\u00e7on d\u2019am\u00e9liorer votre sant\u00e9 et de minimiser les risques? AMS Clinic est heureux de vous proposer quelques articles d\u2019int\u00e9r\u00eat de nos sp\u00e9cialistes.","breadcrumb":{"@id":"https:\/\/amsclinic.ca\/fr\/blogue\/#breadcrumb"},"inLanguage":"fr-CA","potentialAction":[{"@type":"ReadAction","target":["https:\/\/amsclinic.ca\/fr\/blogue\/"]}]},{"@type":"BreadcrumbList","@id":"https:\/\/amsclinic.ca\/fr\/blogue\/#breadcrumb","itemListElement":[{"@type":"ListItem","position":1,"name":"Home","item":"https:\/\/amsclinic.ca\/fr\/"},{"@type":"ListItem","position":2,"name":"Blogue"}]},{"@type":"WebSite","@id":"https:\/\/amsclinic.ca\/fr\/#website","url":"https:\/\/amsclinic.ca\/fr\/","name":"AMS Clinic","description":"Montreal Rehabilitation and Physiotherapy Clinic","publisher":{"@id":"https:\/\/amsclinic.ca\/fr\/#organization"},"potentialAction":[{"@type":"SearchAction","target":{"@type":"EntryPoint","urlTemplate":"https:\/\/amsclinic.ca\/fr\/?s={search_term_string}"},"query-input":{"@type":"PropertyValueSpecification","valueRequired":true,"valueName":"search_term_string"}}],"inLanguage":"fr-CA"},{"@type":"Organization","@id":"https:\/\/amsclinic.ca\/fr\/#organization","name":"AMS Clinic","url":"https:\/\/amsclinic.ca\/fr\/","logo":{"@type":"ImageObject","inLanguage":"fr-CA","@id":"https:\/\/amsclinic.ca\/fr\/#\/schema\/logo\/image\/","url":"https:\/\/amsclinic.ca\/wp-content\/uploads\/2017\/02\/ams-logo-Optimized280x100.png","contentUrl":"https:\/\/amsclinic.ca\/wp-content\/uploads\/2017\/02\/ams-logo-Optimized280x100.png","width":280,"height":100,"caption":"AMS Clinic"},"image":{"@id":"https:\/\/amsclinic.ca\/fr\/#\/schema\/logo\/image\/"}}]}},"_links":{"self":[{"href":"https:\/\/amsclinic.ca\/fr\/wp-json\/wp\/v2\/pages\/3062","targetHints":{"allow":["GET"]}}],"collection":[{"href":"https:\/\/amsclinic.ca\/fr\/wp-json\/wp\/v2\/pages"}],"about":[{"href":"https:\/\/amsclinic.ca\/fr\/wp-json\/wp\/v2\/types\/page"}],"author":[{"embeddable":true,"href":"https:\/\/amsclinic.ca\/fr\/wp-json\/wp\/v2\/users\/8"}],"replies":[{"embeddable":true,"href":"https:\/\/amsclinic.ca\/fr\/wp-json\/wp\/v2\/comments?post=3062"}],"version-history":[{"count":0,"href":"https:\/\/amsclinic.ca\/fr\/wp-json\/wp\/v2\/pages\/3062\/revisions"}],"wp:attachment":[{"href":"https:\/\/amsclinic.ca\/fr\/wp-json\/wp\/v2\/media?parent=3062"}],"curies":[{"name":"wp","href":"https:\/\/api.w.org\/{rel}","templated":true}]}}