{"id":3631,"date":"2017-03-12T06:09:51","date_gmt":"2017-03-12T10:09:51","guid":{"rendered":"http:\/\/amsclinic.ca\/therapeutes\/ortheses\/"},"modified":"2021-01-06T16:36:47","modified_gmt":"2021-01-06T21:36:47","slug":"ortheses","status":"publish","type":"page","link":"https:\/\/amsclinic.ca\/fr\/therapeutes\/ortheses\/","title":{"rendered":"Orth\u00e8ses"},"content":{"rendered":"<p>[et_pb_section fb_built=\u00a0\u00bb1&Prime; fullwidth=\u00a0\u00bbon\u00a0\u00bb _builder_version=\u00a0\u00bb3.22&Prime; transparent_background=\u00a0\u00bboff\u00a0\u00bb][et_pb_fullwidth_slider module_class=\u00a0\u00bbinternal-slider titled\u00a0\u00bb _builder_version=\u00a0\u00bb3.16&Prime; custom_padding=\u00a0\u00bb|||\u00a0\u00bb custom_padding_tablet=\u00a0\u00bb|||\u00a0\u00bb custom_padding_phone=\u00a0\u00bb|||\u00a0\u00bb box_shadow_style=\u00a0\u00bbpreset6&Prime; box_shadow_blur=\u00a0\u00bb10px\u00a0\u00bb box_shadow_color=\u00a0\u00bbrgba(0,0,0,0.1)\u00a0\u00bb remove_inner_shadow=\u00a0\u00bboff\u00a0\u00bb hide_content_on_mobile=\u00a0\u00bboff\u00a0\u00bb hide_cta_on_mobile=\u00a0\u00bboff\u00a0\u00bb show_inner_shadow=\u00a0\u00bbon\u00a0\u00bb button_text_size__hover_enabled=\u00a0\u00bboff\u00a0\u00bb button_one_text_size__hover_enabled=\u00a0\u00bboff\u00a0\u00bb button_two_text_size__hover_enabled=\u00a0\u00bboff\u00a0\u00bb button_text_color__hover_enabled=\u00a0\u00bboff\u00a0\u00bb button_one_text_color__hover_enabled=\u00a0\u00bboff\u00a0\u00bb button_two_text_color__hover_enabled=\u00a0\u00bboff\u00a0\u00bb button_border_width__hover_enabled=\u00a0\u00bboff\u00a0\u00bb button_one_border_width__hover_enabled=\u00a0\u00bboff\u00a0\u00bb button_two_border_width__hover_enabled=\u00a0\u00bboff\u00a0\u00bb button_border_color__hover_enabled=\u00a0\u00bboff\u00a0\u00bb button_one_border_color__hover_enabled=\u00a0\u00bboff\u00a0\u00bb button_two_border_color__hover_enabled=\u00a0\u00bboff\u00a0\u00bb button_border_radius__hover_enabled=\u00a0\u00bboff\u00a0\u00bb button_one_border_radius__hover_enabled=\u00a0\u00bboff\u00a0\u00bb button_two_border_radius__hover_enabled=\u00a0\u00bboff\u00a0\u00bb button_letter_spacing__hover_enabled=\u00a0\u00bboff\u00a0\u00bb button_one_letter_spacing__hover_enabled=\u00a0\u00bboff\u00a0\u00bb button_two_letter_spacing__hover_enabled=\u00a0\u00bboff\u00a0\u00bb button_bg_color__hover_enabled=\u00a0\u00bboff\u00a0\u00bb button_one_bg_color__hover_enabled=\u00a0\u00bboff\u00a0\u00bb button_two_bg_color__hover_enabled=\u00a0\u00bboff\u00a0\u00bb][et_pb_slide use_bg_overlay=\u00a0\u00bboff\u00a0\u00bb use_text_overlay=\u00a0\u00bboff\u00a0\u00bb _builder_version=\u00a0\u00bb3.16&Prime; header_font=\u00a0\u00bb||||\u00a0\u00bb body_font=\u00a0\u00bb||||\u00a0\u00bb background_color=\u00a0\u00bb#ffffff\u00a0\u00bb background_image=\u00a0\u00bb\/\/i3.wp.com\/amsclinic.ca\/wp-content\/uploads\/2017\/03\/header-therapitsts-orthotics.jpg\u00a0\u00bb button_icon_placement=\u00a0\u00bbright\u00a0\u00bb button_on_hover=\u00a0\u00bbon\u00a0\u00bb background_layout=\u00a0\u00bblight\u00a0\u00bb button_text_size__hover_enabled=\u00a0\u00bboff\u00a0\u00bb button_one_text_size__hover_enabled=\u00a0\u00bboff\u00a0\u00bb button_two_text_size__hover_enabled=\u00a0\u00bboff\u00a0\u00bb button_text_color__hover_enabled=\u00a0\u00bboff\u00a0\u00bb button_one_text_color__hover_enabled=\u00a0\u00bboff\u00a0\u00bb button_two_text_color__hover_enabled=\u00a0\u00bboff\u00a0\u00bb button_border_width__hover_enabled=\u00a0\u00bboff\u00a0\u00bb button_one_border_width__hover_enabled=\u00a0\u00bboff\u00a0\u00bb button_two_border_width__hover_enabled=\u00a0\u00bboff\u00a0\u00bb button_border_color__hover_enabled=\u00a0\u00bboff\u00a0\u00bb button_one_border_color__hover_enabled=\u00a0\u00bboff\u00a0\u00bb button_two_border_color__hover_enabled=\u00a0\u00bboff\u00a0\u00bb button_border_radius__hover_enabled=\u00a0\u00bboff\u00a0\u00bb button_one_border_radius__hover_enabled=\u00a0\u00bboff\u00a0\u00bb button_two_border_radius__hover_enabled=\u00a0\u00bboff\u00a0\u00bb button_letter_spacing__hover_enabled=\u00a0\u00bboff\u00a0\u00bb button_one_letter_spacing__hover_enabled=\u00a0\u00bboff\u00a0\u00bb button_two_letter_spacing__hover_enabled=\u00a0\u00bboff\u00a0\u00bb button_bg_color__hover_enabled=\u00a0\u00bboff\u00a0\u00bb button_one_bg_color__hover_enabled=\u00a0\u00bboff\u00a0\u00bb button_two_bg_color__hover_enabled=\u00a0\u00bboff\u00a0\u00bb sticky_transition=\u00a0\u00bbon\u00a0\u00bb]<\/p>\n<h1>Orth\u00e9ses<\/h1>\n<p>La clinique AMS fournit une \u00e9quipe compl\u00e8te de services multidisciplinaires aux deux endroits \u00e0 Montr\u00e9al et Dorval, y compris les orthopt\u00e8res agr\u00e9\u00e9s.<br \/>\n[\/et_pb_slide][\/et_pb_fullwidth_slider][\/et_pb_section][et_pb_section fb_built=\u00a0\u00bb1&Prime; _builder_version=\u00a0\u00bb3.22&Prime; transparent_background=\u00a0\u00bboff\u00a0\u00bb][et_pb_row _builder_version=\u00a0\u00bb3.25&Prime; background_size=\u00a0\u00bbinitial\u00a0\u00bb background_position=\u00a0\u00bbtop_left\u00a0\u00bb background_repeat=\u00a0\u00bbrepeat\u00a0\u00bb][et_pb_column type=\u00a0\u00bb4_4&Prime; _builder_version=\u00a0\u00bb3.25&Prime; custom_padding=\u00a0\u00bb|||\u00a0\u00bb custom_padding__hover=\u00a0\u00bb|||\u00a0\u00bb][et_pb_team_member name=\u00a0\u00bbSylvie Boileau\u00a0\u00bb position=\u00a0\u00bbOrth\u00e9siste-proth\u00e9siste\u00a0\u00bb image_url=\u00a0\u00bb\/\/i3.wp.com\/amsclinic.ca\/wp-content\/uploads\/2020\/12\/Sylvie.jpg\u00a0\u00bb admin_label=\u00a0\u00bbSylvie Boileau\u00a0\u00bb module_class=\u00a0\u00bbteam-member\u00a0\u00bb _builder_version=\u00a0\u00bb4.6.6&Prime; background_size=\u00a0\u00bbinitial\u00a0\u00bb background_position=\u00a0\u00bbtop_left\u00a0\u00bb background_repeat=\u00a0\u00bbrepeat\u00a0\u00bb use_border_color=\u00a0\u00bboff\u00a0\u00bb border_color=\u00a0\u00bb#ffffff\u00a0\u00bb border_style=\u00a0\u00bbsolid\u00a0\u00bb]<\/p>\n<p>Orth\u00e9siste ayant<span>\u00a0<\/span><strong>plus de trente ann\u00e9es d\u2019exp\u00e9rience<\/strong><span>\u00a0<\/span>et d\u00e9tentrice d\u2019un permis de laboratoire orthop\u00e9dique du MSSS, elle est aussi membre de l\u2019Ordre des Technologues du Qu\u00e9bec. Sylvie a fond\u00e9 la compagnie Orthomobile, avant de devenir partenaire en 2018 d\u2019Orth\u00e8ses Biomec.<\/p>\n<p>Sp\u00e9cialis\u00e9e en conception d\u2019orth\u00e8ses pour le membre sup\u00e9rieur, Sylvie est<strong><span>\u00a0<\/span>une r\u00e9f\u00e9rence en appareillage orthop\u00e9dique de tout type<\/strong>. Sa polyvalence lui permet d\u2019appareiller les patients qui ont subi des blessures ou des chirurgies et leur permet de reprendre une vie normale.<\/p>\n<p>Les orth\u00e8ses moul\u00e9es ou sur mesure que Sylvie con\u00e7oit sont \u00e0 la fine pointe de la technologie et<span>\u00a0<\/span><strong>garantissent un confort optimal<span>\u00a0<\/span><\/strong>tout en ayant une efficacit\u00e9 \u00e9prouv\u00e9e.<\/p>\n<p>&nbsp;<\/p>\n<p>[\/et_pb_team_member][\/et_pb_column][\/et_pb_row][et_pb_row _builder_version=\u00a0\u00bb3.25&Prime; background_size=\u00a0\u00bbinitial\u00a0\u00bb background_position=\u00a0\u00bbtop_left\u00a0\u00bb background_repeat=\u00a0\u00bbrepeat\u00a0\u00bb custom_padding=\u00a0\u00bb0px||0px|\u00a0\u00bb][et_pb_column type=\u00a0\u00bb4_4&Prime; _builder_version=\u00a0\u00bb3.25&Prime; custom_padding=\u00a0\u00bb|||\u00a0\u00bb custom_padding__hover=\u00a0\u00bb|||\u00a0\u00bb][et_pb_code admin_label=\u00a0\u00bbEqualize boxes code\u00a0\u00bb]<!-- EQUALIZE TEAM MEMBER BOXES --><!-- [et_pb_line_break_holder] --><script type=\"text\/javascript\"><!-- [et_pb_line_break_holder] -->(function($){<!-- [et_pb_line_break_holder] -->$(window).load(function() {<!-- [et_pb_line_break_holder] -->$('.et_pb_row').each( function() {<!-- [et_pb_line_break_holder] -->equal_height($('.team-member', this));<!-- [et_pb_line_break_holder] -->});<!-- [et_pb_line_break_holder] -->});<!-- [et_pb_line_break_holder] --><!-- [et_pb_line_break_holder] -->$(window).on('resize', function() {<!-- [et_pb_line_break_holder] -->$('.et_pb_row').each( function() {<!-- [et_pb_line_break_holder] -->equal_height($('.team-member', this));<!-- [et_pb_line_break_holder] -->});<!-- [et_pb_line_break_holder] -->});<!-- [et_pb_line_break_holder] --><!-- [et_pb_line_break_holder] --><!-- [et_pb_line_break_holder] -->function equal_height(group) {<!-- [et_pb_line_break_holder] -->var tallest = 0;<!-- [et_pb_line_break_holder] -->$(group).attr('style', '');<!-- [et_pb_line_break_holder] -->group.each(function() {<!-- [et_pb_line_break_holder] -->var this_height = $(this).height();<!-- [et_pb_line_break_holder] -->if(this_height > tallest) {<!-- [et_pb_line_break_holder] -->tallest = this_height;<!-- [et_pb_line_break_holder] -->}<!-- [et_pb_line_break_holder] -->});<!-- [et_pb_line_break_holder] -->group.height(tallest);<!-- [et_pb_line_break_holder] -->}<!-- [et_pb_line_break_holder] -->})(jQuery);<!-- [et_pb_line_break_holder] --><\/script>[\/et_pb_code][\/et_pb_column][\/et_pb_row][\/et_pb_section][et_pb_section fb_built=\u00a0\u00bb1&Prime; _builder_version=\u00a0\u00bb3.22&Prime; background_color=\u00a0\u00bb#f4f4f4&Prime; transparent_background=\u00a0\u00bboff\u00a0\u00bb][et_pb_row _builder_version=\u00a0\u00bb3.25&Prime; background_size=\u00a0\u00bbinitial\u00a0\u00bb background_position=\u00a0\u00bbtop_left\u00a0\u00bb background_repeat=\u00a0\u00bbrepeat\u00a0\u00bb][et_pb_column type=\u00a0\u00bb4_4&Prime; _builder_version=\u00a0\u00bb3.25&Prime; custom_padding=\u00a0\u00bb|||\u00a0\u00bb custom_padding__hover=\u00a0\u00bb|||\u00a0\u00bb][et_pb_cta title=\u00a0\u00bbVous recherchez les membres de l&rsquo;\u00e9quipe d&rsquo;une autre sp\u00e9cialit\u00e9?\u00a0\u00bb button_url=\u00a0\u00bbhttps:\/\/amsclinic.ca\/fr\/therapeutes\/\u00a0\u00bb button_text=\u00a0\u00bbVois tous nos th\u00e9rapeutes\u00a0\u00bb admin_label=\u00a0\u00bbBacklink to Therapists page\u00a0\u00bb _builder_version=\u00a0\u00bb3.16&Prime; use_background_color=\u00a0\u00bboff\u00a0\u00bb background_size=\u00a0\u00bbinitial\u00a0\u00bb background_position=\u00a0\u00bbtop_left\u00a0\u00bb background_repeat=\u00a0\u00bbrepeat\u00a0\u00bb background_layout=\u00a0\u00bblight\u00a0\u00bb use_border_color=\u00a0\u00bboff\u00a0\u00bb border_color=\u00a0\u00bb#ffffff\u00a0\u00bb border_style=\u00a0\u00bbsolid\u00a0\u00bb button_text_size__hover_enabled=\u00a0\u00bboff\u00a0\u00bb button_one_text_size__hover_enabled=\u00a0\u00bboff\u00a0\u00bb button_two_text_size__hover_enabled=\u00a0\u00bboff\u00a0\u00bb button_text_color__hover_enabled=\u00a0\u00bboff\u00a0\u00bb button_one_text_color__hover_enabled=\u00a0\u00bboff\u00a0\u00bb button_two_text_color__hover_enabled=\u00a0\u00bboff\u00a0\u00bb button_border_width__hover_enabled=\u00a0\u00bboff\u00a0\u00bb button_one_border_width__hover_enabled=\u00a0\u00bboff\u00a0\u00bb button_two_border_width__hover_enabled=\u00a0\u00bboff\u00a0\u00bb button_border_color__hover_enabled=\u00a0\u00bboff\u00a0\u00bb button_one_border_color__hover_enabled=\u00a0\u00bboff\u00a0\u00bb button_two_border_color__hover_enabled=\u00a0\u00bboff\u00a0\u00bb button_border_radius__hover_enabled=\u00a0\u00bboff\u00a0\u00bb button_one_border_radius__hover_enabled=\u00a0\u00bboff\u00a0\u00bb button_two_border_radius__hover_enabled=\u00a0\u00bboff\u00a0\u00bb button_letter_spacing__hover_enabled=\u00a0\u00bboff\u00a0\u00bb button_one_letter_spacing__hover_enabled=\u00a0\u00bboff\u00a0\u00bb button_two_letter_spacing__hover_enabled=\u00a0\u00bboff\u00a0\u00bb button_bg_color__hover_enabled=\u00a0\u00bboff\u00a0\u00bb button_one_bg_color__hover_enabled=\u00a0\u00bboff\u00a0\u00bb button_two_bg_color__hover_enabled=\u00a0\u00bboff\u00a0\u00bb][\/et_pb_cta][\/et_pb_column][\/et_pb_row][\/et_pb_section]<\/p>\n","protected":false},"excerpt":{"rendered":"<p>Orth\u00e9ses La clinique AMS fournit une \u00e9quipe compl\u00e8te de services multidisciplinaires aux deux endroits \u00e0 Montr\u00e9al et Dorval, y compris les orthopt\u00e8res agr\u00e9\u00e9s. Orth\u00e9siste ayant\u00a0plus de trente ann\u00e9es d\u2019exp\u00e9rience\u00a0et d\u00e9tentrice d\u2019un permis de laboratoire orthop\u00e9dique du MSSS, elle est aussi membre de l\u2019Ordre des Technologues du Qu\u00e9bec. Sylvie a fond\u00e9 la compagnie Orthomobile, avant de [&hellip;]<\/p>\n","protected":false},"author":8,"featured_media":0,"parent":3147,"menu_order":0,"comment_status":"closed","ping_status":"closed","template":"","meta":{"_et_pb_use_builder":"on","_et_pb_old_content":"","_et_gb_content_width":"","_mbp_gutenberg_autopost":false,"footnotes":""},"class_list":["post-3631","page","type-page","status-publish","hentry"],"yoast_head":"<!-- This site is optimized with the Yoast SEO plugin v27.4 - https:\/\/yoast.com\/product\/yoast-seo-wordpress\/ -->\n<title>Centre d&#039;orth\u00e8ses AMS | Orth\u00e9sistes certifi\u00e9s | AMS \u00e0 Montr\u00e9al-Dorval<\/title>\n<meta name=\"description\" content=\"Centre d&#039;orth\u00e8se AMS, des orth\u00e9sistes qualifi\u00e9s faisant partie de l&#039;\u00e9quipe de la clinique de physioth\u00e9rapie et du centre m\u00e9dical et de r\u00e9adaptation \u00e0 Montr\u00e9al et Dorval.\" \/>\n<meta name=\"robots\" content=\"index, follow, max-snippet:-1, max-image-preview:large, max-video-preview:-1\" \/>\n<link rel=\"canonical\" href=\"https:\/\/amsclinic.ca\/fr\/therapeutes\/ortheses\/\" \/>\n<meta property=\"og:locale\" content=\"fr_CA\" \/>\n<meta property=\"og:type\" content=\"article\" \/>\n<meta property=\"og:title\" content=\"Centre d&#039;orth\u00e8ses AMS | Orth\u00e9sistes certifi\u00e9s | AMS \u00e0 Montr\u00e9al-Dorval\" \/>\n<meta property=\"og:description\" content=\"Centre d&#039;orth\u00e8se AMS, des orth\u00e9sistes qualifi\u00e9s faisant partie de l&#039;\u00e9quipe de la clinique de physioth\u00e9rapie et du centre m\u00e9dical et de r\u00e9adaptation \u00e0 Montr\u00e9al et Dorval.\" \/>\n<meta property=\"og:url\" content=\"https:\/\/amsclinic.ca\/fr\/therapeutes\/ortheses\/\" \/>\n<meta property=\"og:site_name\" content=\"AMS Clinic\" \/>\n<meta property=\"article:modified_time\" content=\"2021-01-06T21:36:47+00:00\" \/>\n<meta name=\"twitter:card\" content=\"summary_large_image\" \/>\n<meta name=\"twitter:label1\" content=\"Estimation du temps de lecture\" \/>\n\t<meta name=\"twitter:data1\" content=\"5 minutes\" \/>\n<script type=\"application\/ld+json\" class=\"yoast-schema-graph\">{\"@context\":\"https:\\\/\\\/schema.org\",\"@graph\":[{\"@type\":\"WebPage\",\"@id\":\"https:\\\/\\\/amsclinic.ca\\\/fr\\\/therapeutes\\\/ortheses\\\/\",\"url\":\"https:\\\/\\\/amsclinic.ca\\\/fr\\\/therapeutes\\\/ortheses\\\/\",\"name\":\"Centre d'orth\u00e8ses AMS | Orth\u00e9sistes certifi\u00e9s | AMS \u00e0 Montr\u00e9al-Dorval\",\"isPartOf\":{\"@id\":\"https:\\\/\\\/amsclinic.ca\\\/fr\\\/#website\"},\"datePublished\":\"2017-03-12T10:09:51+00:00\",\"dateModified\":\"2021-01-06T21:36:47+00:00\",\"description\":\"Centre d'orth\u00e8se AMS, des orth\u00e9sistes qualifi\u00e9s faisant partie de l'\u00e9quipe de la clinique de physioth\u00e9rapie et du centre m\u00e9dical et de r\u00e9adaptation \u00e0 Montr\u00e9al et Dorval.\",\"breadcrumb\":{\"@id\":\"https:\\\/\\\/amsclinic.ca\\\/fr\\\/therapeutes\\\/ortheses\\\/#breadcrumb\"},\"inLanguage\":\"fr-CA\",\"potentialAction\":[{\"@type\":\"ReadAction\",\"target\":[\"https:\\\/\\\/amsclinic.ca\\\/fr\\\/therapeutes\\\/ortheses\\\/\"]}]},{\"@type\":\"BreadcrumbList\",\"@id\":\"https:\\\/\\\/amsclinic.ca\\\/fr\\\/therapeutes\\\/ortheses\\\/#breadcrumb\",\"itemListElement\":[{\"@type\":\"ListItem\",\"position\":1,\"name\":\"Home\",\"item\":\"https:\\\/\\\/amsclinic.ca\\\/fr\\\/\"},{\"@type\":\"ListItem\",\"position\":2,\"name\":\"Th\u00e9rapeutes\",\"item\":\"https:\\\/\\\/amsclinic.ca\\\/fr\\\/therapeutes\\\/\"},{\"@type\":\"ListItem\",\"position\":3,\"name\":\"Orth\u00e8ses\"}]},{\"@type\":\"WebSite\",\"@id\":\"https:\\\/\\\/amsclinic.ca\\\/fr\\\/#website\",\"url\":\"https:\\\/\\\/amsclinic.ca\\\/fr\\\/\",\"name\":\"AMS Clinic\",\"description\":\"Montreal Rehabilitation and Physiotherapy Clinic\",\"publisher\":{\"@id\":\"https:\\\/\\\/amsclinic.ca\\\/fr\\\/#organization\"},\"potentialAction\":[{\"@type\":\"SearchAction\",\"target\":{\"@type\":\"EntryPoint\",\"urlTemplate\":\"https:\\\/\\\/amsclinic.ca\\\/fr\\\/?s={search_term_string}\"},\"query-input\":{\"@type\":\"PropertyValueSpecification\",\"valueRequired\":true,\"valueName\":\"search_term_string\"}}],\"inLanguage\":\"fr-CA\"},{\"@type\":\"Organization\",\"@id\":\"https:\\\/\\\/amsclinic.ca\\\/fr\\\/#organization\",\"name\":\"AMS Clinic\",\"url\":\"https:\\\/\\\/amsclinic.ca\\\/fr\\\/\",\"logo\":{\"@type\":\"ImageObject\",\"inLanguage\":\"fr-CA\",\"@id\":\"https:\\\/\\\/amsclinic.ca\\\/fr\\\/#\\\/schema\\\/logo\\\/image\\\/\",\"url\":\"https:\\\/\\\/amsclinic.ca\\\/wp-content\\\/uploads\\\/2017\\\/02\\\/ams-logo-Optimized280x100.png\",\"contentUrl\":\"https:\\\/\\\/amsclinic.ca\\\/wp-content\\\/uploads\\\/2017\\\/02\\\/ams-logo-Optimized280x100.png\",\"width\":280,\"height\":100,\"caption\":\"AMS Clinic\"},\"image\":{\"@id\":\"https:\\\/\\\/amsclinic.ca\\\/fr\\\/#\\\/schema\\\/logo\\\/image\\\/\"}}]}<\/script>\n<!-- \/ Yoast SEO plugin. -->","yoast_head_json":{"title":"Centre d'orth\u00e8ses AMS | Orth\u00e9sistes certifi\u00e9s | AMS \u00e0 Montr\u00e9al-Dorval","description":"Centre d'orth\u00e8se AMS, des orth\u00e9sistes qualifi\u00e9s faisant partie de l'\u00e9quipe de la clinique de physioth\u00e9rapie et du centre m\u00e9dical et de r\u00e9adaptation \u00e0 Montr\u00e9al et Dorval.","robots":{"index":"index","follow":"follow","max-snippet":"max-snippet:-1","max-image-preview":"max-image-preview:large","max-video-preview":"max-video-preview:-1"},"canonical":"https:\/\/amsclinic.ca\/fr\/therapeutes\/ortheses\/","og_locale":"fr_CA","og_type":"article","og_title":"Centre d'orth\u00e8ses AMS | Orth\u00e9sistes certifi\u00e9s | AMS \u00e0 Montr\u00e9al-Dorval","og_description":"Centre d'orth\u00e8se AMS, des orth\u00e9sistes qualifi\u00e9s faisant partie de l'\u00e9quipe de la clinique de physioth\u00e9rapie et du centre m\u00e9dical et de r\u00e9adaptation \u00e0 Montr\u00e9al et Dorval.","og_url":"https:\/\/amsclinic.ca\/fr\/therapeutes\/ortheses\/","og_site_name":"AMS Clinic","article_modified_time":"2021-01-06T21:36:47+00:00","twitter_card":"summary_large_image","twitter_misc":{"Estimation du temps de lecture":"5 minutes"},"schema":{"@context":"https:\/\/schema.org","@graph":[{"@type":"WebPage","@id":"https:\/\/amsclinic.ca\/fr\/therapeutes\/ortheses\/","url":"https:\/\/amsclinic.ca\/fr\/therapeutes\/ortheses\/","name":"Centre d'orth\u00e8ses AMS | Orth\u00e9sistes certifi\u00e9s | AMS \u00e0 Montr\u00e9al-Dorval","isPartOf":{"@id":"https:\/\/amsclinic.ca\/fr\/#website"},"datePublished":"2017-03-12T10:09:51+00:00","dateModified":"2021-01-06T21:36:47+00:00","description":"Centre d'orth\u00e8se AMS, des orth\u00e9sistes qualifi\u00e9s faisant partie de l'\u00e9quipe de la clinique de physioth\u00e9rapie et du centre m\u00e9dical et de r\u00e9adaptation \u00e0 Montr\u00e9al et Dorval.","breadcrumb":{"@id":"https:\/\/amsclinic.ca\/fr\/therapeutes\/ortheses\/#breadcrumb"},"inLanguage":"fr-CA","potentialAction":[{"@type":"ReadAction","target":["https:\/\/amsclinic.ca\/fr\/therapeutes\/ortheses\/"]}]},{"@type":"BreadcrumbList","@id":"https:\/\/amsclinic.ca\/fr\/therapeutes\/ortheses\/#breadcrumb","itemListElement":[{"@type":"ListItem","position":1,"name":"Home","item":"https:\/\/amsclinic.ca\/fr\/"},{"@type":"ListItem","position":2,"name":"Th\u00e9rapeutes","item":"https:\/\/amsclinic.ca\/fr\/therapeutes\/"},{"@type":"ListItem","position":3,"name":"Orth\u00e8ses"}]},{"@type":"WebSite","@id":"https:\/\/amsclinic.ca\/fr\/#website","url":"https:\/\/amsclinic.ca\/fr\/","name":"AMS Clinic","description":"Montreal Rehabilitation and Physiotherapy Clinic","publisher":{"@id":"https:\/\/amsclinic.ca\/fr\/#organization"},"potentialAction":[{"@type":"SearchAction","target":{"@type":"EntryPoint","urlTemplate":"https:\/\/amsclinic.ca\/fr\/?s={search_term_string}"},"query-input":{"@type":"PropertyValueSpecification","valueRequired":true,"valueName":"search_term_string"}}],"inLanguage":"fr-CA"},{"@type":"Organization","@id":"https:\/\/amsclinic.ca\/fr\/#organization","name":"AMS Clinic","url":"https:\/\/amsclinic.ca\/fr\/","logo":{"@type":"ImageObject","inLanguage":"fr-CA","@id":"https:\/\/amsclinic.ca\/fr\/#\/schema\/logo\/image\/","url":"https:\/\/amsclinic.ca\/wp-content\/uploads\/2017\/02\/ams-logo-Optimized280x100.png","contentUrl":"https:\/\/amsclinic.ca\/wp-content\/uploads\/2017\/02\/ams-logo-Optimized280x100.png","width":280,"height":100,"caption":"AMS Clinic"},"image":{"@id":"https:\/\/amsclinic.ca\/fr\/#\/schema\/logo\/image\/"}}]}},"_links":{"self":[{"href":"https:\/\/amsclinic.ca\/fr\/wp-json\/wp\/v2\/pages\/3631","targetHints":{"allow":["GET"]}}],"collection":[{"href":"https:\/\/amsclinic.ca\/fr\/wp-json\/wp\/v2\/pages"}],"about":[{"href":"https:\/\/amsclinic.ca\/fr\/wp-json\/wp\/v2\/types\/page"}],"author":[{"embeddable":true,"href":"https:\/\/amsclinic.ca\/fr\/wp-json\/wp\/v2\/users\/8"}],"replies":[{"embeddable":true,"href":"https:\/\/amsclinic.ca\/fr\/wp-json\/wp\/v2\/comments?post=3631"}],"version-history":[{"count":0,"href":"https:\/\/amsclinic.ca\/fr\/wp-json\/wp\/v2\/pages\/3631\/revisions"}],"up":[{"embeddable":true,"href":"https:\/\/amsclinic.ca\/fr\/wp-json\/wp\/v2\/pages\/3147"}],"wp:attachment":[{"href":"https:\/\/amsclinic.ca\/fr\/wp-json\/wp\/v2\/media?parent=3631"}],"curies":[{"name":"wp","href":"https:\/\/api.w.org\/{rel}","templated":true}]}}