{"id":7237,"date":"2019-04-09T16:07:50","date_gmt":"2019-04-09T20:07:50","guid":{"rendered":"https:\/\/amsclinic.ca\/?page_id=7237"},"modified":"2021-01-06T17:10:43","modified_gmt":"2021-01-06T22:10:43","slug":"haut-du-dos","status":"publish","type":"page","link":"https:\/\/amsclinic.ca\/fr\/videos-educatives\/haut-du-dos\/","title":{"rendered":"Le haut du dos"},"content":{"rendered":"<p>[et_pb_section fb_built=\u00a0\u00bb1&Prime; fullwidth=\u00a0\u00bbon\u00a0\u00bb _builder_version=\u00a0\u00bb3.22&Prime; transparent_background=\u00a0\u00bboff\u00a0\u00bb][et_pb_fullwidth_slider module_class=\u00a0\u00bbinternal-slider titled\u00a0\u00bb _builder_version=\u00a0\u00bb3.21.4&Prime; background_position=\u00a0\u00bbtop_left\u00a0\u00bb custom_padding=\u00a0\u00bb|||\u00a0\u00bb button_text_size__hover_enabled=\u00a0\u00bboff\u00a0\u00bb button_text_size__hover=\u00a0\u00bbnull\u00a0\u00bb button_one_text_size__hover_enabled=\u00a0\u00bboff\u00a0\u00bb button_one_text_size__hover=\u00a0\u00bbnull\u00a0\u00bb button_two_text_size__hover_enabled=\u00a0\u00bboff\u00a0\u00bb button_two_text_size__hover=\u00a0\u00bbnull\u00a0\u00bb button_text_color__hover_enabled=\u00a0\u00bboff\u00a0\u00bb button_text_color__hover=\u00a0\u00bbnull\u00a0\u00bb button_one_text_color__hover_enabled=\u00a0\u00bboff\u00a0\u00bb button_one_text_color__hover=\u00a0\u00bbnull\u00a0\u00bb button_two_text_color__hover_enabled=\u00a0\u00bboff\u00a0\u00bb button_two_text_color__hover=\u00a0\u00bbnull\u00a0\u00bb button_border_width__hover_enabled=\u00a0\u00bboff\u00a0\u00bb button_border_width__hover=\u00a0\u00bbnull\u00a0\u00bb button_one_border_width__hover_enabled=\u00a0\u00bboff\u00a0\u00bb button_one_border_width__hover=\u00a0\u00bbnull\u00a0\u00bb button_two_border_width__hover_enabled=\u00a0\u00bboff\u00a0\u00bb button_two_border_width__hover=\u00a0\u00bbnull\u00a0\u00bb button_border_color__hover_enabled=\u00a0\u00bboff\u00a0\u00bb button_border_color__hover=\u00a0\u00bbnull\u00a0\u00bb button_one_border_color__hover_enabled=\u00a0\u00bboff\u00a0\u00bb button_one_border_color__hover=\u00a0\u00bbnull\u00a0\u00bb button_two_border_color__hover_enabled=\u00a0\u00bboff\u00a0\u00bb button_two_border_color__hover=\u00a0\u00bbnull\u00a0\u00bb button_border_radius__hover_enabled=\u00a0\u00bboff\u00a0\u00bb button_border_radius__hover=\u00a0\u00bbnull\u00a0\u00bb button_one_border_radius__hover_enabled=\u00a0\u00bboff\u00a0\u00bb button_one_border_radius__hover=\u00a0\u00bbnull\u00a0\u00bb button_two_border_radius__hover_enabled=\u00a0\u00bboff\u00a0\u00bb button_two_border_radius__hover=\u00a0\u00bbnull\u00a0\u00bb button_letter_spacing__hover_enabled=\u00a0\u00bboff\u00a0\u00bb button_letter_spacing__hover=\u00a0\u00bbnull\u00a0\u00bb button_one_letter_spacing__hover_enabled=\u00a0\u00bboff\u00a0\u00bb button_one_letter_spacing__hover=\u00a0\u00bbnull\u00a0\u00bb button_two_letter_spacing__hover_enabled=\u00a0\u00bboff\u00a0\u00bb button_two_letter_spacing__hover=\u00a0\u00bbnull\u00a0\u00bb button_bg_color__hover_enabled=\u00a0\u00bboff\u00a0\u00bb button_bg_color__hover=\u00a0\u00bbnull\u00a0\u00bb button_one_bg_color__hover_enabled=\u00a0\u00bboff\u00a0\u00bb button_one_bg_color__hover=\u00a0\u00bbnull\u00a0\u00bb button_two_bg_color__hover_enabled=\u00a0\u00bboff\u00a0\u00bb button_two_bg_color__hover=\u00a0\u00bbnull\u00a0\u00bb][et_pb_slide use_bg_overlay=\u00a0\u00bboff\u00a0\u00bb use_text_overlay=\u00a0\u00bboff\u00a0\u00bb _builder_version=\u00a0\u00bb3.21.4&Prime; header_font=\u00a0\u00bb||||\u00a0\u00bb body_font=\u00a0\u00bb||||\u00a0\u00bb background_image=\u00a0\u00bb\/\/i3.wp.com\/amsclinic.ca\/wp-content\/uploads\/2018\/04\/title-brochures.jpg\u00a0\u00bb background_position=\u00a0\u00bbtop_left\u00a0\u00bb button_on_hover=\u00a0\u00bbon\u00a0\u00bb background_layout=\u00a0\u00bblight\u00a0\u00bb sticky_transition=\u00a0\u00bbon\u00a0\u00bb]<\/p>\n<h1>Vid\u00e9os \u00e9ducatives sur le haut du dos<\/h1>\n<p><a href=\"\/fr\/videos-educatives\/\">\u00ab Retour \u00e0 la galerie vid\u00e9o<\/a><\/p>\n<p>[\/et_pb_slide][\/et_pb_fullwidth_slider][\/et_pb_section][et_pb_section fb_built=\u00a0\u00bb1&Prime; _builder_version=\u00a0\u00bb3.22&Prime;][et_pb_row column_structure=\u00a0\u00bb1_2,1_2&Prime; module_class=\u00a0\u00bbvideo-row\u00a0\u00bb _builder_version=\u00a0\u00bb3.25&Prime; background_size=\u00a0\u00bbinitial\u00a0\u00bb background_position=\u00a0\u00bbtop_left\u00a0\u00bb background_repeat=\u00a0\u00bbrepeat\u00a0\u00bb][et_pb_column type=\u00a0\u00bb1_2&Prime; _builder_version=\u00a0\u00bb3.25&Prime; custom_padding=\u00a0\u00bb|||\u00a0\u00bb custom_padding__hover=\u00a0\u00bb|||\u00a0\u00bb][et_pb_blurb title=\u00a0\u00bbDouleur entre les omoplates?\u00a0\u00bb admin_label=\u00a0\u00bbPain between the shoulder blades?\u00a0\u00bb module_class=\u00a0\u00bbvideo-text\u00a0\u00bb _builder_version=\u00a0\u00bb3.21.4&Prime; header_level=\u00a0\u00bbh2&Prime; header_font=\u00a0\u00bb||||||||\u00a0\u00bb header_text_align=\u00a0\u00bbleft\u00a0\u00bb box_shadow_style_image=\u00a0\u00bbpreset3&Prime;]Excellent exercice pour soulager rapidement la douleur entre vos omoplates.[\/et_pb_blurb][et_pb_video src=\u00a0\u00bbhttps:\/\/www.youtube.com\/watch?v=kLbqfnMHK0U&#038;feature=youtu.be\u00a0\u00bb _builder_version=\u00a0\u00bb3.21.4&Prime;][\/et_pb_video][\/et_pb_column][et_pb_column type=\u00a0\u00bb1_2&Prime; _builder_version=\u00a0\u00bb3.25&Prime; custom_padding=\u00a0\u00bb|||\u00a0\u00bb custom_padding__hover=\u00a0\u00bb|||\u00a0\u00bb][et_pb_blurb title=\u00a0\u00bbOmoplate (rhombo\u00efde) extensible\u00a0\u00bb admin_label=\u00a0\u00bbShoulder blade (Rhomboid) stretch\u00a0\u00bb module_class=\u00a0\u00bbvideo-text\u00a0\u00bb _builder_version=\u00a0\u00bb3.21.4&Prime; header_level=\u00a0\u00bbh2&Prime; header_font=\u00a0\u00bb||||||||\u00a0\u00bb header_text_align=\u00a0\u00bbleft\u00a0\u00bb box_shadow_style_image=\u00a0\u00bbpreset3&Prime;]Ce qui suit montre comment \u00e9tirer les muscles entre les omoplates.[\/et_pb_blurb][et_pb_video src=\u00a0\u00bbhttps:\/\/www.youtube.com\/watch?v=K3-Y1go9Euk&#038;feature=youtu.be\u00a0\u00bb _builder_version=\u00a0\u00bb3.21.4&Prime;][\/et_pb_video][\/et_pb_column][\/et_pb_row][\/et_pb_section]<\/p>\n","protected":false},"excerpt":{"rendered":"<p>Vid\u00e9os \u00e9ducatives sur le haut du dos \u00ab Retour \u00e0 la galerie vid\u00e9oExcellent exercice pour soulager rapidement la douleur entre vos omoplates.Ce qui suit montre comment \u00e9tirer les muscles entre les omoplates.<\/p>\n","protected":false},"author":8,"featured_media":0,"parent":7184,"menu_order":0,"comment_status":"closed","ping_status":"closed","template":"","meta":{"_et_pb_use_builder":"on","_et_pb_old_content":"","_et_gb_content_width":"","_mbp_gutenberg_autopost":false,"footnotes":""},"class_list":["post-7237","page","type-page","status-publish","hentry"],"yoast_head":"<!-- This site is optimized with the Yoast SEO plugin v27.4 - https:\/\/yoast.com\/product\/yoast-seo-wordpress\/ -->\n<title>Vid\u00e9o \u00e9ducative Le haut du dos<\/title>\n<meta name=\"description\" content=\"Vid\u00e9os \u00e9ducatives, explications et exercices simples en lien avec le haut du dos, la douleur entre les omoplates ou l&#039;omoplate (rhombo\u221a\u00d8de) extensible.\" \/>\n<meta name=\"robots\" content=\"index, follow, max-snippet:-1, max-image-preview:large, max-video-preview:-1\" \/>\n<link rel=\"canonical\" href=\"https:\/\/amsclinic.ca\/fr\/videos-educatives\/haut-du-dos\/\" \/>\n<meta property=\"og:locale\" content=\"fr_CA\" \/>\n<meta property=\"og:type\" content=\"article\" \/>\n<meta property=\"og:title\" content=\"Vid\u00e9o \u00e9ducative Le haut du dos\" \/>\n<meta property=\"og:description\" content=\"Vid\u00e9os \u00e9ducatives, explications et exercices simples en lien avec le haut du dos, la douleur entre les omoplates ou l&#039;omoplate (rhombo\u221a\u00d8de) extensible.\" \/>\n<meta property=\"og:url\" content=\"https:\/\/amsclinic.ca\/fr\/videos-educatives\/haut-du-dos\/\" \/>\n<meta property=\"og:site_name\" content=\"AMS Clinic\" \/>\n<meta property=\"article:modified_time\" content=\"2021-01-06T22:10:43+00:00\" \/>\n<meta name=\"twitter:card\" content=\"summary_large_image\" \/>\n<meta name=\"twitter:label1\" content=\"Estimation du temps de lecture\" \/>\n\t<meta name=\"twitter:data1\" content=\"3 minutes\" \/>\n<script type=\"application\/ld+json\" class=\"yoast-schema-graph\">{\"@context\":\"https:\\\/\\\/schema.org\",\"@graph\":[{\"@type\":\"WebPage\",\"@id\":\"https:\\\/\\\/amsclinic.ca\\\/fr\\\/videos-educatives\\\/haut-du-dos\\\/\",\"url\":\"https:\\\/\\\/amsclinic.ca\\\/fr\\\/videos-educatives\\\/haut-du-dos\\\/\",\"name\":\"Vid\u00e9o \u00e9ducative Le haut du dos\",\"isPartOf\":{\"@id\":\"https:\\\/\\\/amsclinic.ca\\\/fr\\\/#website\"},\"datePublished\":\"2019-04-09T20:07:50+00:00\",\"dateModified\":\"2021-01-06T22:10:43+00:00\",\"description\":\"Vid\u00e9os \u00e9ducatives, explications et exercices simples en lien avec le haut du dos, la douleur entre les omoplates ou l'omoplate (rhombo\u221a\u00d8de) extensible.\",\"breadcrumb\":{\"@id\":\"https:\\\/\\\/amsclinic.ca\\\/fr\\\/videos-educatives\\\/haut-du-dos\\\/#breadcrumb\"},\"inLanguage\":\"fr-CA\",\"potentialAction\":[{\"@type\":\"ReadAction\",\"target\":[\"https:\\\/\\\/amsclinic.ca\\\/fr\\\/videos-educatives\\\/haut-du-dos\\\/\"]}]},{\"@type\":\"BreadcrumbList\",\"@id\":\"https:\\\/\\\/amsclinic.ca\\\/fr\\\/videos-educatives\\\/haut-du-dos\\\/#breadcrumb\",\"itemListElement\":[{\"@type\":\"ListItem\",\"position\":1,\"name\":\"Home\",\"item\":\"https:\\\/\\\/amsclinic.ca\\\/fr\\\/\"},{\"@type\":\"ListItem\",\"position\":2,\"name\":\"Vid\u00e9os \u00e9ducatives\",\"item\":\"https:\\\/\\\/amsclinic.ca\\\/fr\\\/videos-educatives\\\/\"},{\"@type\":\"ListItem\",\"position\":3,\"name\":\"Le haut du dos\"}]},{\"@type\":\"WebSite\",\"@id\":\"https:\\\/\\\/amsclinic.ca\\\/fr\\\/#website\",\"url\":\"https:\\\/\\\/amsclinic.ca\\\/fr\\\/\",\"name\":\"AMS Clinic\",\"description\":\"Montreal Rehabilitation and Physiotherapy Clinic\",\"publisher\":{\"@id\":\"https:\\\/\\\/amsclinic.ca\\\/fr\\\/#organization\"},\"potentialAction\":[{\"@type\":\"SearchAction\",\"target\":{\"@type\":\"EntryPoint\",\"urlTemplate\":\"https:\\\/\\\/amsclinic.ca\\\/fr\\\/?s={search_term_string}\"},\"query-input\":{\"@type\":\"PropertyValueSpecification\",\"valueRequired\":true,\"valueName\":\"search_term_string\"}}],\"inLanguage\":\"fr-CA\"},{\"@type\":\"Organization\",\"@id\":\"https:\\\/\\\/amsclinic.ca\\\/fr\\\/#organization\",\"name\":\"AMS Clinic\",\"url\":\"https:\\\/\\\/amsclinic.ca\\\/fr\\\/\",\"logo\":{\"@type\":\"ImageObject\",\"inLanguage\":\"fr-CA\",\"@id\":\"https:\\\/\\\/amsclinic.ca\\\/fr\\\/#\\\/schema\\\/logo\\\/image\\\/\",\"url\":\"https:\\\/\\\/amsclinic.ca\\\/wp-content\\\/uploads\\\/2017\\\/02\\\/ams-logo-Optimized280x100.png\",\"contentUrl\":\"https:\\\/\\\/amsclinic.ca\\\/wp-content\\\/uploads\\\/2017\\\/02\\\/ams-logo-Optimized280x100.png\",\"width\":280,\"height\":100,\"caption\":\"AMS Clinic\"},\"image\":{\"@id\":\"https:\\\/\\\/amsclinic.ca\\\/fr\\\/#\\\/schema\\\/logo\\\/image\\\/\"}}]}<\/script>\n<!-- \/ Yoast SEO plugin. -->","yoast_head_json":{"title":"Vid\u00e9o \u00e9ducative Le haut du dos","description":"Vid\u00e9os \u00e9ducatives, explications et exercices simples en lien avec le haut du dos, la douleur entre les omoplates ou l'omoplate (rhombo\u221a\u00d8de) extensible.","robots":{"index":"index","follow":"follow","max-snippet":"max-snippet:-1","max-image-preview":"max-image-preview:large","max-video-preview":"max-video-preview:-1"},"canonical":"https:\/\/amsclinic.ca\/fr\/videos-educatives\/haut-du-dos\/","og_locale":"fr_CA","og_type":"article","og_title":"Vid\u00e9o \u00e9ducative Le haut du dos","og_description":"Vid\u00e9os \u00e9ducatives, explications et exercices simples en lien avec le haut du dos, la douleur entre les omoplates ou l'omoplate (rhombo\u221a\u00d8de) extensible.","og_url":"https:\/\/amsclinic.ca\/fr\/videos-educatives\/haut-du-dos\/","og_site_name":"AMS Clinic","article_modified_time":"2021-01-06T22:10:43+00:00","twitter_card":"summary_large_image","twitter_misc":{"Estimation du temps de lecture":"3 minutes"},"schema":{"@context":"https:\/\/schema.org","@graph":[{"@type":"WebPage","@id":"https:\/\/amsclinic.ca\/fr\/videos-educatives\/haut-du-dos\/","url":"https:\/\/amsclinic.ca\/fr\/videos-educatives\/haut-du-dos\/","name":"Vid\u00e9o \u00e9ducative Le haut du dos","isPartOf":{"@id":"https:\/\/amsclinic.ca\/fr\/#website"},"datePublished":"2019-04-09T20:07:50+00:00","dateModified":"2021-01-06T22:10:43+00:00","description":"Vid\u00e9os \u00e9ducatives, explications et exercices simples en lien avec le haut du dos, la douleur entre les omoplates ou l'omoplate (rhombo\u221a\u00d8de) extensible.","breadcrumb":{"@id":"https:\/\/amsclinic.ca\/fr\/videos-educatives\/haut-du-dos\/#breadcrumb"},"inLanguage":"fr-CA","potentialAction":[{"@type":"ReadAction","target":["https:\/\/amsclinic.ca\/fr\/videos-educatives\/haut-du-dos\/"]}]},{"@type":"BreadcrumbList","@id":"https:\/\/amsclinic.ca\/fr\/videos-educatives\/haut-du-dos\/#breadcrumb","itemListElement":[{"@type":"ListItem","position":1,"name":"Home","item":"https:\/\/amsclinic.ca\/fr\/"},{"@type":"ListItem","position":2,"name":"Vid\u00e9os \u00e9ducatives","item":"https:\/\/amsclinic.ca\/fr\/videos-educatives\/"},{"@type":"ListItem","position":3,"name":"Le haut du dos"}]},{"@type":"WebSite","@id":"https:\/\/amsclinic.ca\/fr\/#website","url":"https:\/\/amsclinic.ca\/fr\/","name":"AMS Clinic","description":"Montreal Rehabilitation and Physiotherapy Clinic","publisher":{"@id":"https:\/\/amsclinic.ca\/fr\/#organization"},"potentialAction":[{"@type":"SearchAction","target":{"@type":"EntryPoint","urlTemplate":"https:\/\/amsclinic.ca\/fr\/?s={search_term_string}"},"query-input":{"@type":"PropertyValueSpecification","valueRequired":true,"valueName":"search_term_string"}}],"inLanguage":"fr-CA"},{"@type":"Organization","@id":"https:\/\/amsclinic.ca\/fr\/#organization","name":"AMS Clinic","url":"https:\/\/amsclinic.ca\/fr\/","logo":{"@type":"ImageObject","inLanguage":"fr-CA","@id":"https:\/\/amsclinic.ca\/fr\/#\/schema\/logo\/image\/","url":"https:\/\/amsclinic.ca\/wp-content\/uploads\/2017\/02\/ams-logo-Optimized280x100.png","contentUrl":"https:\/\/amsclinic.ca\/wp-content\/uploads\/2017\/02\/ams-logo-Optimized280x100.png","width":280,"height":100,"caption":"AMS Clinic"},"image":{"@id":"https:\/\/amsclinic.ca\/fr\/#\/schema\/logo\/image\/"}}]}},"_links":{"self":[{"href":"https:\/\/amsclinic.ca\/fr\/wp-json\/wp\/v2\/pages\/7237","targetHints":{"allow":["GET"]}}],"collection":[{"href":"https:\/\/amsclinic.ca\/fr\/wp-json\/wp\/v2\/pages"}],"about":[{"href":"https:\/\/amsclinic.ca\/fr\/wp-json\/wp\/v2\/types\/page"}],"author":[{"embeddable":true,"href":"https:\/\/amsclinic.ca\/fr\/wp-json\/wp\/v2\/users\/8"}],"replies":[{"embeddable":true,"href":"https:\/\/amsclinic.ca\/fr\/wp-json\/wp\/v2\/comments?post=7237"}],"version-history":[{"count":0,"href":"https:\/\/amsclinic.ca\/fr\/wp-json\/wp\/v2\/pages\/7237\/revisions"}],"up":[{"embeddable":true,"href":"https:\/\/amsclinic.ca\/fr\/wp-json\/wp\/v2\/pages\/7184"}],"wp:attachment":[{"href":"https:\/\/amsclinic.ca\/fr\/wp-json\/wp\/v2\/media?parent=7237"}],"curies":[{"name":"wp","href":"https:\/\/api.w.org\/{rel}","templated":true}]}}