{"id":7758,"date":"2020-01-08T12:35:50","date_gmt":"2020-01-08T17:35:50","guid":{"rendered":"https:\/\/amsclinic.ca\/?page_id=7758"},"modified":"2020-01-09T15:44:46","modified_gmt":"2020-01-09T20:44:46","slug":"accidents-du-travail-ou-de-la-route","status":"publish","type":"page","link":"https:\/\/amsclinic.ca\/fr\/accidents-du-travail-ou-de-la-route\/","title":{"rendered":"Accidents du travail ou de la route"},"content":{"rendered":"<p>[et_pb_section fb_built=\u00a0\u00bb1&Prime; _builder_version=\u00a0\u00bb4.0.11&Prime;][et_pb_row _builder_version=\u00a0\u00bb4.0.11&Prime; custom_padding=\u00a0\u00bb0px||0px|||\u00a0\u00bb][et_pb_column type=\u00a0\u00bb4_4&Prime; _builder_version=\u00a0\u00bb4.0.11&Prime;][et_pb_cta title=\u00a0\u00bbVous ne savez pas quoi faire au sujet de votre douleur?\u00a0\u00bb button_url=\u00a0\u00bbhttps:\/\/amsclinic.ca\/fr\/consultation-gratuite\/\u00a0\u00bb button_text=\u00a0\u00bbPrendre un rendez-vous\u00a0\u00bb _builder_version=\u00a0\u00bb4.0.11&Prime; body_font_size=\u00a0\u00bb17px\u00a0\u00bb custom_button=\u00a0\u00bbon\u00a0\u00bb button_text_color=\u00a0\u00bb#ffffff\u00a0\u00bb button_bg_color=\u00a0\u00bb#ff8a00&Prime; button_border_color=\u00a0\u00bb#ffffff\u00a0\u00bb button_font=\u00a0\u00bb|||on|||||\u00a0\u00bb button_use_icon=\u00a0\u00bboff\u00a0\u00bb hover_enabled=\u00a0\u00bb0&Prime; box_shadow_style_button=\u00a0\u00bbpreset3&Prime;]<\/p>\n<p><span>Contactez-nous pour planifier une consultation gratuite en physioth\u00e9rapie<\/span><\/p>\n<p>[\/et_pb_cta][\/et_pb_column][\/et_pb_row][\/et_pb_section][et_pb_section fb_built=\u00a0\u00bb1&Prime; _builder_version=\u00a0\u00bb4.0.11&Prime;][et_pb_row column_structure=\u00a0\u00bb3_5,2_5&Prime; use_custom_gutter=\u00a0\u00bbon\u00a0\u00bb gutter_width=\u00a0\u00bb1&Prime; make_equal=\u00a0\u00bbon\u00a0\u00bb _builder_version=\u00a0\u00bb4.0.11&Prime; width=\u00a0\u00bb100%\u00a0\u00bb module_alignment=\u00a0\u00bbcenter\u00a0\u00bb custom_padding=\u00a0\u00bb0px||0px|||\u00a0\u00bb custom_margin=\u00a0\u00bb|auto||977px||\u00a0\u00bb][et_pb_column type=\u00a0\u00bb3_5&Prime; _builder_version=\u00a0\u00bb4.0.11&Prime; background_color=\u00a0\u00bb#fbfbfb\u00a0\u00bb][et_pb_text _builder_version=\u00a0\u00bb4.0.11&Prime; custom_margin=\u00a0\u00bb50px|50px||50px|false|false\u00a0\u00bb border_color_all=\u00a0\u00bb#0075b7&Prime; border_width_bottom=\u00a0\u00bb3px\u00a0\u00bb]<\/p>\n<h1><span>Que faire en cas d&rsquo;accident du travail ?<\/span><\/h1>\n<p>[\/et_pb_text][et_pb_text _builder_version=\u00a0\u00bb4.0.11&Prime; custom_margin=\u00a0\u00bb30px|50px|30px|50px|true|true\u00a0\u00bb hover_enabled=\u00a0\u00bb0&Prime;]<\/p>\n<h3>1. <span>Avisez votre employeur<\/span><\/h3>\n<p><span>Assurez-vous de remplir une d\u00e9claration d\u2019accident CNESST avec votre employeur ou superviseur. Gardez une copie dans vos dossiers<\/span><\/p>\n<h3>2. <span>Consultez un m\u00e9decin<\/span><\/h3>\n<p><span>Vous devez consulter un m\u00e9decin, m\u00eame s\u2019il s\u2019agit d\u2019une blessure mineure. Pr\u00e9cisez au m\u00e9decin que votre douleur est \u00e0 cause d\u2019un accident de travail. Demandez au m\u00e9decin une Attestation m\u00e9dicale. Vous en aurez besoin pour faire une r\u00e9clamation \u00e0 la CNESST. Donnez une copie de l\u2019attestation m\u00e9dicale \u00e0 votre employeur et envoyez une copie \u00e0 la CNESST<\/span><\/p>\n<h3>3. <span>Remplissez le formulaire r\u00e9clamation du travailleur<\/span><\/h3>\n<p><span>Si vous vous absentez du travail pour plus de 14 jours, ou si vous avez des frais \u00e0 vous faire rembourser (stationnement, orth\u00e8ses,..), remplissez le formulaire R\u00e9clamation du travailleur. Vous pouvez t\u00e9l\u00e9charger votre formulaire ici:<\/span>\u00a0<a href=\"https:\/\/amsclinic.ca\/fr\/centre-telechargement\">https:\/\/amsclinic.ca\/fr\/centre-telechargement<\/a><\/p>\n<h3>4. <span>Suivre les traitements prescrits par le m\u00e9decin<\/span><\/h3>\n<p><span>Vous devez vous assurer de passer tous les examens m\u00e9dicaux n\u00e9cessaires et de bien suivre les traitements prescrits par votre m\u00e9decin tel que la physioth\u00e9rapie.<\/span><\/p>\n<h3>5. <span>Qui paiera votre salaire lors de votre accident ?<\/span><\/h3>\n<p>Le jour de l\u2019accident, votre employeur vous paie 100% de votre salaire habituel. Pour les 14 premiers jours d\u2019absence, votre employeur vous verse 90% de votre salaire net pour les p\u00e9riodes o\u00f9 vous auriez normalement d\u00fb travailler. En cas d\u2019absence non motiv\u00e9e aux examens et traitements prescrits par le m\u00e9decin, la CNESST peut d\u00e9duire cette journ\u00e9e de votre salaire (indemnit\u00e9 de remplacement du revenu).[\/et_pb_text][\/et_pb_column][et_pb_column type=\u00a0\u00bb2_5&Prime; _builder_version=\u00a0\u00bb4.0.11&Prime; background_image=\u00a0\u00bb\/\/i3.wp.com\/amsclinic.ca\/wp-content\/uploads\/2020\/01\/construction-accident-cropped.jpg\u00a0\u00bb background_position=\u00a0\u00bbtop_left\u00a0\u00bb][et_pb_divider show_divider=\u00a0\u00bboff\u00a0\u00bb _builder_version=\u00a0\u00bb4.0.11&Prime; min_height=\u00a0\u00bb500px\u00a0\u00bb][\/et_pb_divider][\/et_pb_column][\/et_pb_row][\/et_pb_section][et_pb_section fb_built=\u00a0\u00bb1&Prime; _builder_version=\u00a0\u00bb4.0.11&Prime;][et_pb_row column_structure=\u00a0\u00bb3_5,2_5&Prime; use_custom_gutter=\u00a0\u00bbon\u00a0\u00bb gutter_width=\u00a0\u00bb1&Prime; make_equal=\u00a0\u00bbon\u00a0\u00bb _builder_version=\u00a0\u00bb4.0.11&Prime; width=\u00a0\u00bb100%\u00a0\u00bb module_alignment=\u00a0\u00bbcenter\u00a0\u00bb custom_padding=\u00a0\u00bb0px||0px|||\u00a0\u00bb][et_pb_column type=\u00a0\u00bb3_5&Prime; _builder_version=\u00a0\u00bb4.0.11&Prime; background_color=\u00a0\u00bb#fbfbfb\u00a0\u00bb][et_pb_text _builder_version=\u00a0\u00bb4.0.11&Prime; custom_margin=\u00a0\u00bb50px|50px||50px|false|false\u00a0\u00bb hover_enabled=\u00a0\u00bb0&Prime; border_color_all=\u00a0\u00bb#0075b7&Prime; border_width_bottom=\u00a0\u00bb3px\u00a0\u00bb]<\/p>\n<h1><span>Que faire en cas d\u2019accident de la route ?<\/span><\/h1>\n<p>[\/et_pb_text][et_pb_text _builder_version=\u00a0\u00bb4.0.11&Prime; custom_margin=\u00a0\u00bb30px|50px|30px|50px|true|true\u00a0\u00bb hover_enabled=\u00a0\u00bb0&Prime;]<\/p>\n<h3>1. <span>Appelez la SAAQ au 1-800-361-7620<\/span><\/h3>\n<p><span>D\u00e9clarez votre accident et demandez le formulaire de d\u00e9claration. Ils vous donneront un num\u00e9ro de r\u00e9clamation et vous enverrons le formulaire. Vous pouvez aussi allez en ligne pour d\u00e9clarer votre accident et remplir le formulaire au\u00a0<a href=\"https:\/\/saaq.gouv.qc.ca\/accident-route\/en-cas-accident\" target=\"_blank\" rel=\"noopener noreferrer\">https:\/\/saaq.gouv.qc.ca\/accident-route\/en-cas-accident<\/a><\/span><a href=\"https:\/\/saaq.gouv.qc.ca\/en\/accident-route\" target=\"_blank\" rel=\"noopener noreferrer\"><\/a><\/p>\n<h3>2. Consultez un m\u00e9decin<\/h3>\n<p>Suivez les traitements prescrits tel que la physioth\u00e9rapie. La SAAQ paiera la clinique directement pour les frais de physio.<\/p>\n<h3>3. Montant de la paie<\/h3>\n<p>La SAAQ paiera en g\u00e9n\u00e9ral 90% de votre salaire \u00e0 partir du 8i\u00e8me jour d\u2019incapacit\u00e9, le 7 premiers jours ne sont pas pay\u00e9s. Visitez <a href=\"https:\/\/saaq.gouv.qc.ca\" target=\"_blank\" rel=\"noopener noreferrer\">https:\/\/saaq.gouv.qc.ca<\/a>\u00a0pour plus d\u2019informations.<\/p>\n<p>Appeler au <a href=\"tel:+15143001031\"><strong>(514) 300-1031<\/strong><\/a> pour un rendez-vous avec un m\u00e9decin ou avec un physioth\u00e9rapeute.[\/et_pb_text][\/et_pb_column][et_pb_column type=\u00a0\u00bb2_5&Prime; _builder_version=\u00a0\u00bb4.0.11&Prime; background_image=\u00a0\u00bb\/\/i3.wp.com\/amsclinic.ca\/wp-content\/uploads\/2020\/01\/car-accident-cropped.jpg\u00a0\u00bb background_position=\u00a0\u00bbcenter_right\u00a0\u00bb][et_pb_divider show_divider=\u00a0\u00bboff\u00a0\u00bb _builder_version=\u00a0\u00bb4.0.11&Prime; min_height=\u00a0\u00bb500px\u00a0\u00bb][\/et_pb_divider][\/et_pb_column][\/et_pb_row][\/et_pb_section][et_pb_section fb_built=\u00a0\u00bb1&Prime; _builder_version=\u00a0\u00bb4.0.11&Prime;][et_pb_row _builder_version=\u00a0\u00bb4.0.11&Prime;][et_pb_column type=\u00a0\u00bb4_4&Prime; _builder_version=\u00a0\u00bb4.0.11&Prime;][et_pb_cta title=\u00a0\u00bbVous ne savez pas quoi faire au sujet de votre douleur?\u00a0\u00bb button_url=\u00a0\u00bbhttps:\/\/amsclinic.ca\/fr\/consultation-gratuite\/\u00a0\u00bb button_text=\u00a0\u00bbPlanifiez votre consultation gratuite aujourd&rsquo;hui\u00a0\u00bb _builder_version=\u00a0\u00bb4.0.11&Prime; body_font_size=\u00a0\u00bb17px\u00a0\u00bb custom_button=\u00a0\u00bbon\u00a0\u00bb button_text_color=\u00a0\u00bb#ffffff\u00a0\u00bb button_bg_color=\u00a0\u00bb#ff8a00&Prime; button_border_color=\u00a0\u00bb#ffffff\u00a0\u00bb button_font=\u00a0\u00bb|||on|||||\u00a0\u00bb button_use_icon=\u00a0\u00bboff\u00a0\u00bb hover_enabled=\u00a0\u00bb0&Prime; box_shadow_style_button=\u00a0\u00bbpreset3&Prime;]Contactez-nous pour planifier une consultation gratuite en physioth\u00e9rapie. <\/p>\n<p>Valable pour les nouveaux patients et les patients qui reviennent, vous pouvez parler \u00e0 l&rsquo;un de nos physioth\u00e9rapeutes pour une consultation individuelle gratuite. Lors de la consultation, ils examineront votre \u00e9tat et verront si et comment l&rsquo;un de nos nombreux services de r\u00e9adaptation peut vous aider.[\/et_pb_cta][\/et_pb_column][\/et_pb_row][\/et_pb_section]<\/p>\n","protected":false},"excerpt":{"rendered":"<p>Contactez-nous pour planifier une consultation gratuite en physioth\u00e9rapieQue faire en cas d&rsquo;accident du travail ?1. Avisez votre employeur Assurez-vous de remplir une d\u00e9claration d\u2019accident CNESST avec votre employeur ou superviseur. Gardez une copie dans vos dossiers 2. Consultez un m\u00e9decin Vous devez consulter un m\u00e9decin, m\u00eame s\u2019il s\u2019agit d\u2019une blessure mineure. Pr\u00e9cisez au m\u00e9decin que [&hellip;]<\/p>\n","protected":false},"author":8,"featured_media":0,"parent":0,"menu_order":0,"comment_status":"closed","ping_status":"closed","template":"page-template-blank.php","meta":{"_et_pb_use_builder":"on","_et_pb_old_content":"<p>[et_pb_section fb_built=\"1\" _builder_version=\"4.0.11\"][et_pb_row _builder_version=\"4.0.11\" custom_padding=\"0px||0px|||\"][et_pb_column type=\"4_4\" _builder_version=\"4.0.11\"][et_pb_cta title=\"Not sure what to do about your pain?\" button_url=\"https:\/\/amsclinic.ca\/free-consultation\/\" button_text=\"Book an appointment\" _builder_version=\"4.0.11\" body_font_size=\"17px\" custom_button=\"on\" button_text_color=\"#ffffff\" button_bg_color=\"#ff8a00\" button_border_color=\"#ffffff\" button_font=\"|||on|||||\" button_use_icon=\"off\" box_shadow_style_button=\"preset3\"]<\/p><p>Contact us to schedule a free physiotherapy consultation.<\/p><p>[\/et_pb_cta][\/et_pb_column][\/et_pb_row][\/et_pb_section][et_pb_section fb_built=\"1\" _builder_version=\"4.0.11\"][et_pb_row column_structure=\"3_5,2_5\" use_custom_gutter=\"on\" gutter_width=\"1\" make_equal=\"on\" _builder_version=\"4.0.11\" width=\"100%\" module_alignment=\"center\" custom_padding=\"0px||0px|||\" hover_enabled=\"0\"][et_pb_column type=\"3_5\" _builder_version=\"4.0.11\" background_color=\"#fbfbfb\"][et_pb_text _builder_version=\"4.0.11\" custom_margin=\"50px|50px||50px|false|false\" border_color_all=\"#0075b7\" border_width_bottom=\"3px\"]<\/p><h1>What do do in case of a work accident?<\/h1><p>[\/et_pb_text][et_pb_text _builder_version=\"4.0.11\" custom_margin=\"30px|50px|30px|50px|true|true\" hover_enabled=\"0\"]<\/p><h3>1. Notify your employer or supervisor:<\/h3><p>Make sure to fill out a CNESST accident report and keep a copy for your records.<\/p><h3>2. See a doctor as soon as possible.<\/h3><p>You must see a doctor, even if it is a minor injury. In case of a work accident, tell the doctor that your pain is due to your work. Ask the doctor for a CNESST medical certificate. You will need it to make a claim to the CNESST. Give a copy of the CNESST medical certificate to your employer, send a copy to the CNESST & keep a copy for yourself. Make sure to always bring all documents related to your work accident to your follow-up medical appointment.<\/p><h3>3. Complete the Worker's Claim form<\/h3><p>If you are absent from work for more than 14 days, if you have expenses to be reimbursed (parking, orthotics, ..) or if you need treatment such as physiotherapy, complete the Worker's Claim form. You can download your form here <a href=\"https:\/\/amsclinic.ca\/en\/account-center\/\">https:\/\/amsclinic.ca\/en\/account-center\/<\/a><\/p><h3>4. Follow the treatments prescribed by the doctor<\/h3><p>You must make sure that you have all the necessary medical examinations and follow the treatments prescribed by your doctor such as physiotherapy.<\/p><h3>5. Who will pay your salary during your accident?<\/h3><p>On the day of the accident, your employer pays you 100% of your usual salary. For the first 14 days of absence, your employer pays you 90% of your net salary for the periods you would normally have worked. After that, the CNESST will pay you 90% pf your net salary. If you miss your appointments without a valid reason, the CNESST may deduct this day from your salary.<\/p><p>[\/et_pb_text][\/et_pb_column][et_pb_column type=\"2_5\" _builder_version=\"4.0.11\" background_image=\"https:\/\/amsclinic.ca\/wp-content\/uploads\/2020\/01\/construction-accident-cropped.jpg\" background_position=\"top_left\" hover_enabled=\"0\"][et_pb_divider show_divider=\"off\" _builder_version=\"4.0.11\" min_height=\"500px\" hover_enabled=\"0\"][\/et_pb_divider][\/et_pb_column][\/et_pb_row][\/et_pb_section][et_pb_section fb_built=\"1\" _builder_version=\"4.0.11\"][et_pb_row column_structure=\"3_5,2_5\" use_custom_gutter=\"on\" gutter_width=\"1\" make_equal=\"on\" _builder_version=\"4.0.11\" width=\"100%\" module_alignment=\"center\" custom_padding=\"0px||0px|||\" hover_enabled=\"0\"][et_pb_column type=\"3_5\" _builder_version=\"4.0.11\" background_color=\"#fbfbfb\"][et_pb_text _builder_version=\"4.0.11\" custom_margin=\"50px|50px||50px|false|false\" border_color_all=\"#0075b7\" border_width_bottom=\"3px\"]<\/p><h1>What do do in case of a traffic accident?<\/h1><p>[\/et_pb_text][et_pb_text _builder_version=\"4.0.11\" custom_margin=\"30px|50px|30px|50px|true|true\" hover_enabled=\"0\"]<\/p><h3>1. Call the SAAQ at 1-800-361-7620<\/h3><p>Report your accident and request the SAAQ claim form. They will give you a claim number and mail you the claim form. You can also go online to declare your accident and fill out the form at:\u00a0<a href=\"https:\/\/saaq.gouv.qc.ca\/en\/accident-route\" target=\"_blank\" rel=\"noopener noreferrer\">https:\/\/saaq.gouv.qc.ca\/en\/accident-route<\/a><\/p><h3>2. See a doctor<\/h3><p>Follow the treatments prescribed by the doctor such as physiotherapy. The SAAQ will pay for your physio treatments.<\/p><h3>3. Financial entitlement<\/h3><p>The SAAQ will generally pay 90% of your salary from the 8th day of disability, the first 7 days are not paid. Visit\u00a0<a href=\"https:\/\/saaq.gouv.qc.ca\" target=\"_blank\" rel=\"noopener noreferrer\">https:\/\/saaq.gouv.qc.ca<\/a>\u00a0for more information.<\/p><p>For an appointment with a doctor or with a physiotherapist call <a href=\"tel:+15143001031\"><strong>(514) 300-1031<\/strong><\/a><\/p><p>[\/et_pb_text][\/et_pb_column][et_pb_column type=\"2_5\" _builder_version=\"4.0.11\" background_image=\"https:\/\/amsclinic.ca\/wp-content\/uploads\/2020\/01\/car-accident-cropped.jpg\" hover_enabled=\"0\" background_position=\"center_right\"][et_pb_divider show_divider=\"off\" _builder_version=\"4.0.11\" min_height=\"500px\" hover_enabled=\"0\"][\/et_pb_divider][\/et_pb_column][\/et_pb_row][\/et_pb_section][et_pb_section fb_built=\"1\" _builder_version=\"4.0.11\"][et_pb_row _builder_version=\"4.0.11\"][et_pb_column type=\"4_4\" _builder_version=\"4.0.11\"][et_pb_cta title=\"Not sure what to do about your pain?\" button_url=\"https:\/\/amsclinic.ca\/free-consultation\/\" button_text=\"Schedule your free consultation today\" _builder_version=\"4.0.11\" body_font_size=\"17px\" custom_button=\"on\" button_text_color=\"#ffffff\" button_bg_color=\"#ff8a00\" button_border_color=\"#ffffff\" button_font=\"|||on|||||\" button_use_icon=\"off\" box_shadow_style_button=\"preset3\"]<\/p><p>Contact us to schedule a free physiotherapy consultation.<\/p><p>Valid for new and returning patients, you can speak with one of our physiotherapists for a free one-on-one consultation. During this they will review your condition and see if and how one of our many rehabilitation services can help you.<\/p><p>[\/et_pb_cta][\/et_pb_column][\/et_pb_row][\/et_pb_section]<\/p>","_et_gb_content_width":"","_mbp_gutenberg_autopost":false,"footnotes":""},"class_list":["post-7758","page","type-page","status-publish","hentry"],"yoast_head":"<!-- This site is optimized with the Yoast SEO plugin v27.4 - https:\/\/yoast.com\/product\/yoast-seo-wordpress\/ -->\n<title>Accidents du travail ou de la route - AMS Clinic<\/title>\n<meta name=\"robots\" content=\"index, follow, max-snippet:-1, max-image-preview:large, max-video-preview:-1\" \/>\n<link rel=\"canonical\" href=\"https:\/\/amsclinic.ca\/fr\/accidents-du-travail-ou-de-la-route\/\" \/>\n<meta property=\"og:locale\" content=\"fr_CA\" \/>\n<meta property=\"og:type\" content=\"article\" \/>\n<meta property=\"og:title\" content=\"Accidents du travail ou de la route - AMS Clinic\" \/>\n<meta property=\"og:description\" content=\"Contactez-nous pour planifier une consultation gratuite en physioth\u00e9rapieQue faire en cas d&#039;accident du travail ?1. Avisez votre employeur Assurez-vous de remplir une d\u00e9claration d\u2019accident CNESST avec votre employeur ou superviseur. Gardez une copie dans vos dossiers 2. Consultez un m\u00e9decin Vous devez consulter un m\u00e9decin, m\u00eame s\u2019il s\u2019agit d\u2019une blessure mineure. Pr\u00e9cisez au m\u00e9decin que [&hellip;]\" \/>\n<meta property=\"og:url\" content=\"https:\/\/amsclinic.ca\/fr\/accidents-du-travail-ou-de-la-route\/\" \/>\n<meta property=\"og:site_name\" content=\"AMS Clinic\" \/>\n<meta property=\"article:modified_time\" content=\"2020-01-09T20:44:46+00:00\" \/>\n<meta name=\"twitter:card\" content=\"summary_large_image\" \/>\n<meta name=\"twitter:label1\" content=\"Estimation du temps de lecture\" \/>\n\t<meta name=\"twitter:data1\" content=\"5 minutes\" \/>\n<script type=\"application\/ld+json\" class=\"yoast-schema-graph\">{\"@context\":\"https:\\\/\\\/schema.org\",\"@graph\":[{\"@type\":\"WebPage\",\"@id\":\"https:\\\/\\\/amsclinic.ca\\\/fr\\\/accidents-du-travail-ou-de-la-route\\\/\",\"url\":\"https:\\\/\\\/amsclinic.ca\\\/fr\\\/accidents-du-travail-ou-de-la-route\\\/\",\"name\":\"Accidents du travail ou de la route - AMS Clinic\",\"isPartOf\":{\"@id\":\"https:\\\/\\\/amsclinic.ca\\\/fr\\\/#website\"},\"datePublished\":\"2020-01-08T17:35:50+00:00\",\"dateModified\":\"2020-01-09T20:44:46+00:00\",\"breadcrumb\":{\"@id\":\"https:\\\/\\\/amsclinic.ca\\\/fr\\\/accidents-du-travail-ou-de-la-route\\\/#breadcrumb\"},\"inLanguage\":\"fr-CA\",\"potentialAction\":[{\"@type\":\"ReadAction\",\"target\":[\"https:\\\/\\\/amsclinic.ca\\\/fr\\\/accidents-du-travail-ou-de-la-route\\\/\"]}]},{\"@type\":\"BreadcrumbList\",\"@id\":\"https:\\\/\\\/amsclinic.ca\\\/fr\\\/accidents-du-travail-ou-de-la-route\\\/#breadcrumb\",\"itemListElement\":[{\"@type\":\"ListItem\",\"position\":1,\"name\":\"Home\",\"item\":\"https:\\\/\\\/amsclinic.ca\\\/fr\\\/\"},{\"@type\":\"ListItem\",\"position\":2,\"name\":\"Accidents du travail ou de la route\"}]},{\"@type\":\"WebSite\",\"@id\":\"https:\\\/\\\/amsclinic.ca\\\/fr\\\/#website\",\"url\":\"https:\\\/\\\/amsclinic.ca\\\/fr\\\/\",\"name\":\"AMS Clinic\",\"description\":\"Montreal Rehabilitation and Physiotherapy Clinic\",\"publisher\":{\"@id\":\"https:\\\/\\\/amsclinic.ca\\\/fr\\\/#organization\"},\"potentialAction\":[{\"@type\":\"SearchAction\",\"target\":{\"@type\":\"EntryPoint\",\"urlTemplate\":\"https:\\\/\\\/amsclinic.ca\\\/fr\\\/?s={search_term_string}\"},\"query-input\":{\"@type\":\"PropertyValueSpecification\",\"valueRequired\":true,\"valueName\":\"search_term_string\"}}],\"inLanguage\":\"fr-CA\"},{\"@type\":\"Organization\",\"@id\":\"https:\\\/\\\/amsclinic.ca\\\/fr\\\/#organization\",\"name\":\"AMS Clinic\",\"url\":\"https:\\\/\\\/amsclinic.ca\\\/fr\\\/\",\"logo\":{\"@type\":\"ImageObject\",\"inLanguage\":\"fr-CA\",\"@id\":\"https:\\\/\\\/amsclinic.ca\\\/fr\\\/#\\\/schema\\\/logo\\\/image\\\/\",\"url\":\"https:\\\/\\\/amsclinic.ca\\\/wp-content\\\/uploads\\\/2017\\\/02\\\/ams-logo-Optimized280x100.png\",\"contentUrl\":\"https:\\\/\\\/amsclinic.ca\\\/wp-content\\\/uploads\\\/2017\\\/02\\\/ams-logo-Optimized280x100.png\",\"width\":280,\"height\":100,\"caption\":\"AMS Clinic\"},\"image\":{\"@id\":\"https:\\\/\\\/amsclinic.ca\\\/fr\\\/#\\\/schema\\\/logo\\\/image\\\/\"}}]}<\/script>\n<!-- \/ Yoast SEO plugin. -->","yoast_head_json":{"title":"Accidents du travail ou de la route - AMS Clinic","robots":{"index":"index","follow":"follow","max-snippet":"max-snippet:-1","max-image-preview":"max-image-preview:large","max-video-preview":"max-video-preview:-1"},"canonical":"https:\/\/amsclinic.ca\/fr\/accidents-du-travail-ou-de-la-route\/","og_locale":"fr_CA","og_type":"article","og_title":"Accidents du travail ou de la route - AMS Clinic","og_description":"Contactez-nous pour planifier une consultation gratuite en physioth\u00e9rapieQue faire en cas d'accident du travail ?1. Avisez votre employeur Assurez-vous de remplir une d\u00e9claration d\u2019accident CNESST avec votre employeur ou superviseur. Gardez une copie dans vos dossiers 2. Consultez un m\u00e9decin Vous devez consulter un m\u00e9decin, m\u00eame s\u2019il s\u2019agit d\u2019une blessure mineure. Pr\u00e9cisez au m\u00e9decin que [&hellip;]","og_url":"https:\/\/amsclinic.ca\/fr\/accidents-du-travail-ou-de-la-route\/","og_site_name":"AMS Clinic","article_modified_time":"2020-01-09T20:44:46+00:00","twitter_card":"summary_large_image","twitter_misc":{"Estimation du temps de lecture":"5 minutes"},"schema":{"@context":"https:\/\/schema.org","@graph":[{"@type":"WebPage","@id":"https:\/\/amsclinic.ca\/fr\/accidents-du-travail-ou-de-la-route\/","url":"https:\/\/amsclinic.ca\/fr\/accidents-du-travail-ou-de-la-route\/","name":"Accidents du travail ou de la route - AMS Clinic","isPartOf":{"@id":"https:\/\/amsclinic.ca\/fr\/#website"},"datePublished":"2020-01-08T17:35:50+00:00","dateModified":"2020-01-09T20:44:46+00:00","breadcrumb":{"@id":"https:\/\/amsclinic.ca\/fr\/accidents-du-travail-ou-de-la-route\/#breadcrumb"},"inLanguage":"fr-CA","potentialAction":[{"@type":"ReadAction","target":["https:\/\/amsclinic.ca\/fr\/accidents-du-travail-ou-de-la-route\/"]}]},{"@type":"BreadcrumbList","@id":"https:\/\/amsclinic.ca\/fr\/accidents-du-travail-ou-de-la-route\/#breadcrumb","itemListElement":[{"@type":"ListItem","position":1,"name":"Home","item":"https:\/\/amsclinic.ca\/fr\/"},{"@type":"ListItem","position":2,"name":"Accidents du travail ou de la route"}]},{"@type":"WebSite","@id":"https:\/\/amsclinic.ca\/fr\/#website","url":"https:\/\/amsclinic.ca\/fr\/","name":"AMS Clinic","description":"Montreal Rehabilitation and Physiotherapy Clinic","publisher":{"@id":"https:\/\/amsclinic.ca\/fr\/#organization"},"potentialAction":[{"@type":"SearchAction","target":{"@type":"EntryPoint","urlTemplate":"https:\/\/amsclinic.ca\/fr\/?s={search_term_string}"},"query-input":{"@type":"PropertyValueSpecification","valueRequired":true,"valueName":"search_term_string"}}],"inLanguage":"fr-CA"},{"@type":"Organization","@id":"https:\/\/amsclinic.ca\/fr\/#organization","name":"AMS Clinic","url":"https:\/\/amsclinic.ca\/fr\/","logo":{"@type":"ImageObject","inLanguage":"fr-CA","@id":"https:\/\/amsclinic.ca\/fr\/#\/schema\/logo\/image\/","url":"https:\/\/amsclinic.ca\/wp-content\/uploads\/2017\/02\/ams-logo-Optimized280x100.png","contentUrl":"https:\/\/amsclinic.ca\/wp-content\/uploads\/2017\/02\/ams-logo-Optimized280x100.png","width":280,"height":100,"caption":"AMS Clinic"},"image":{"@id":"https:\/\/amsclinic.ca\/fr\/#\/schema\/logo\/image\/"}}]}},"_links":{"self":[{"href":"https:\/\/amsclinic.ca\/fr\/wp-json\/wp\/v2\/pages\/7758","targetHints":{"allow":["GET"]}}],"collection":[{"href":"https:\/\/amsclinic.ca\/fr\/wp-json\/wp\/v2\/pages"}],"about":[{"href":"https:\/\/amsclinic.ca\/fr\/wp-json\/wp\/v2\/types\/page"}],"author":[{"embeddable":true,"href":"https:\/\/amsclinic.ca\/fr\/wp-json\/wp\/v2\/users\/8"}],"replies":[{"embeddable":true,"href":"https:\/\/amsclinic.ca\/fr\/wp-json\/wp\/v2\/comments?post=7758"}],"version-history":[{"count":0,"href":"https:\/\/amsclinic.ca\/fr\/wp-json\/wp\/v2\/pages\/7758\/revisions"}],"wp:attachment":[{"href":"https:\/\/amsclinic.ca\/fr\/wp-json\/wp\/v2\/media?parent=7758"}],"curies":[{"name":"wp","href":"https:\/\/api.w.org\/{rel}","templated":true}]}}